{"id":1436,"date":"2024-10-28T17:11:11","date_gmt":"2024-10-28T20:11:11","guid":{"rendered":"https:\/\/pffa.com.br\/?page_id=1436"},"modified":"2026-04-08T16:35:14","modified_gmt":"2026-04-08T19:35:14","slug":"valentina-tamarozzi","status":"publish","type":"page","link":"https:\/\/pffa.com.br\/en\/valentina-tamarozzi\/","title":{"rendered":"Valentina Tamarozzi"},"content":{"rendered":"<div data-elementor-type=\"wp-page\" data-elementor-id=\"1436\" class=\"elementor elementor-1436\" data-elementor-post-type=\"page\">\n\t\t\t\t<div class=\"elementor-element elementor-element-4472d59 e-flex e-con-boxed e-con e-parent\" data-id=\"4472d59\" data-element_type=\"container\" data-settings=\"{&quot;jet_parallax_layout_list&quot;:[]}\">\n\t\t\t\t\t<div class=\"e-con-inner\">\n\t\t<div class=\"elementor-element elementor-element-217b1a8 e-con-full e-flex e-con e-child\" data-id=\"217b1a8\" data-element_type=\"container\" data-settings=\"{&quot;jet_parallax_layout_list&quot;:[],&quot;sticky&quot;:&quot;top&quot;,&quot;sticky_on&quot;:[&quot;desktop&quot;,&quot;tablet&quot;],&quot;sticky_parent&quot;:&quot;yes&quot;,&quot;sticky_offset&quot;:20,&quot;sticky_effects_offset&quot;:0}\">\n\t\t\t\t<div class=\"elementor-element elementor-element-c7a496a elementor-widget elementor-widget-image\" data-id=\"c7a496a\" data-element_type=\"widget\" data-widget_type=\"image.default\">\n\t\t\t\t<div class=\"elementor-widget-container\">\n\t\t\t\t\t\t\t\t\t\t\t\t\t<img fetchpriority=\"high\" decoding=\"async\" width=\"500\" height=\"566\" src=\"https:\/\/pffa.com.br\/wp-content\/uploads\/2024\/08\/PFFA_Advogados-Valentina_Tamarozzi.webp\" class=\"attachment-large size-large wp-image-356\" alt=\"\" srcset=\"https:\/\/pffa.com.br\/wp-content\/uploads\/2024\/08\/PFFA_Advogados-Valentina_Tamarozzi.webp 500w, https:\/\/pffa.com.br\/wp-content\/uploads\/2024\/08\/PFFA_Advogados-Valentina_Tamarozzi-265x300.webp 265w\" sizes=\"(max-width: 500px) 100vw, 500px\" \/>\t\t\t\t\t\t\t\t\t\t\t\t\t<\/div>\n\t\t\t\t<\/div>\n\t\t\t\t<\/div>\n\t\t<div class=\"elementor-element elementor-element-9a56cd6 e-con-full e-flex e-con e-child\" data-id=\"9a56cd6\" data-element_type=\"container\" data-settings=\"{&quot;jet_parallax_layout_list&quot;:[]}\">\n\t\t<div class=\"elementor-element elementor-element-badf2da e-con-full e-flex e-con e-child\" data-id=\"badf2da\" data-element_type=\"container\" data-settings=\"{&quot;jet_parallax_layout_list&quot;:[]}\">\n\t\t\t\t<div class=\"elementor-element elementor-element-f405acc elementor-widget elementor-widget-heading\" data-id=\"f405acc\" data-element_type=\"widget\" data-widget_type=\"heading.default\">\n\t\t\t\t<div class=\"elementor-widget-container\">\n\t\t\t<h2 class=\"elementor-heading-title elementor-size-default\">Valentina Tamarozzi<\/h2>\t\t<\/div>\n\t\t\t\t<\/div>\n\t\t\t\t<div class=\"elementor-element elementor-element-fe0572e elementor-view-stacked elementor-shape-square elementor-widget elementor-widget-icon\" data-id=\"fe0572e\" data-element_type=\"widget\" data-widget_type=\"icon.default\">\n\t\t\t\t<div class=\"elementor-widget-container\">\n\t\t\t\t\t<div class=\"elementor-icon-wrapper\">\n\t\t\t<a class=\"elementor-icon\" href=\"https:\/\/www.linkedin.com\/in\/valentina-tamarozzi-870b6220b\/?originalSubdomain=br\" target=\"_blank\">\n\t\t\t<svg aria-hidden=\"true\" class=\"e-font-icon-svg e-fab-linkedin-in\" viewbox=\"0 0 448 512\" xmlns=\"http:\/\/www.w3.org\/2000\/svg\"><path d=\"M100.28 448H7.4V148.9h92.88zM53.79 108.1C24.09 108.1 0 83.5 0 53.8a53.79 53.79 0 0 1 107.58 0c0 29.7-24.1 54.3-53.79 54.3zM447.9 448h-92.68V302.4c0-34.7-.7-79.2-48.29-79.2-48.29 0-55.69 37.7-55.69 76.7V448h-92.78V148.9h89.08v40.8h1.3c12.4-23.5 42.69-48.3 87.88-48.3 94 0 111.28 61.9 111.28 142.3V448z\"><\/path><\/svg>\t\t\t<\/a>\n\t\t<\/div>\n\t\t\t\t<\/div>\n\t\t\t\t<\/div>\n\t\t\t\t<\/div>\n\t\t\t\t<div class=\"elementor-element elementor-element-67398d1 elementor-widget elementor-widget-text-editor\" data-id=\"67398d1\" data-element_type=\"widget\" data-widget_type=\"text-editor.default\">\n\t\t\t\t<div class=\"elementor-widget-container\">\n\t\t\t\t\t\t\t<ul><li>Advogada associada do Ferr\u00e3o &amp; Ferr\u00e3o Advogados Associados.<\/li><li>Atuante em Direito Digital e Prote\u00e7\u00e3o de Dados Pessoais.<\/li><li>Bacharel em Direito pela Pontif\u00edcia Universidade Cat\u00f3lica de Campinas.<\/li><li>Especialista em Processo Civil avan\u00e7ado pela Pontif\u00edcia Universidade Cat\u00f3lica de Campinas.<\/li><li>Monitora Volunt\u00e1ria de Direito constitucional II pela Pontif\u00edcia Universidade Cat\u00f3lica, sob supervis\u00e3o do Professor Henderson Furst e do N\u00facleo de Pr\u00e1tica Jur\u00eddica da Faculdade de Direito-Centro de Ci\u00eancias Humanas e Sociais Aplicadas.<\/li><li>Monitora de Direitos Humanos II, sob supervis\u00e3o do professor Luiz Renato Vedovato e do N\u00facleo de Pr\u00e1tica Jur\u00eddica da Faculdade de Direito-Centro de Ci\u00eancias Humanas e Sociais Aplicadas.<\/li><li>Certificado de Compet\u00eancia: Vacation English program at FLS Boston Common at Salttler College.<\/li><\/ul><p>\u00a0<\/p><p>Artigo Cient\u00edfico: \u201cDo bullying ao Cyberbullyng: Reflex\u00f5es sobre a Lei n\u00ba 14.811 de 12 de janeiro de 2024\u201d &#8211; Dispon\u00edvel em: https:\/\/pffa.com.br\/do-bullying-ao-cyberbullying-reflexoes-sobre-a-lei-n-o-14-811-de-12-de-janeiro-\u2026<\/p><p>\u00a0<\/p>\t\t\t\t\t\t<\/div>\n\t\t\t\t<\/div>\n\t\t\t\t<\/div>\n\t\t\t\t\t<\/div>\n\t\t\t\t<\/div>\n\t\t\t\t<\/div>","protected":false},"excerpt":{"rendered":"<p>Valentina Tamarozzi Advogada associada do Ferr\u00e3o &amp; Ferr\u00e3o Advogados Associados. Atuante em Direito Digital e Prote\u00e7\u00e3o de Dados Pessoais. Bacharel em Direito pela Pontif\u00edcia Universidade Cat\u00f3lica de Campinas. Especialista em Processo Civil avan\u00e7ado pela Pontif\u00edcia Universidade Cat\u00f3lica de Campinas. Monitora Volunt\u00e1ria de Direito constitucional II pela Pontif\u00edcia Universidade Cat\u00f3lica, sob supervis\u00e3o do Professor Henderson Furst [&hellip;]<\/p>","protected":false},"author":1,"featured_media":0,"parent":0,"menu_order":0,"comment_status":"closed","ping_status":"closed","template":"elementor_header_footer","meta":{"footnotes":""},"class_list":["post-1436","page","type-page","status-publish","hentry"],"yoast_head":"<!-- This site is optimized with the Yoast SEO plugin v22.6 - https:\/\/yoast.com\/wordpress\/plugins\/seo\/ -->\n<title>Valentina Tamarozzi - Ferr\u00e3o<\/title>\n<meta name=\"robots\" content=\"index, follow, max-snippet:-1, max-image-preview:large, max-video-preview:-1\" \/>\n<link rel=\"canonical\" href=\"https:\/\/pffa.com.br\/en\/valentina-tamarozzi\/\" \/>\n<meta property=\"og:locale\" content=\"en_US\" \/>\n<meta property=\"og:type\" content=\"article\" \/>\n<meta property=\"og:title\" content=\"Valentina Tamarozzi - Ferr\u00e3o\" \/>\n<meta property=\"og:description\" content=\"Valentina Tamarozzi Advogada associada do Ferr\u00e3o &amp; Ferr\u00e3o Advogados Associados. Atuante em Direito Digital e Prote\u00e7\u00e3o de Dados Pessoais. Bacharel em Direito pela Pontif\u00edcia Universidade Cat\u00f3lica de Campinas. Especialista em Processo Civil avan\u00e7ado pela Pontif\u00edcia Universidade Cat\u00f3lica de Campinas. Monitora Volunt\u00e1ria de Direito constitucional II pela Pontif\u00edcia Universidade Cat\u00f3lica, sob supervis\u00e3o do Professor Henderson Furst [&hellip;]\" \/>\n<meta property=\"og:url\" content=\"https:\/\/pffa.com.br\/en\/valentina-tamarozzi\/\" \/>\n<meta property=\"og:site_name\" content=\"Ferr\u00e3o\" \/>\n<meta property=\"article:modified_time\" content=\"2026-04-08T19:35:14+00:00\" \/>\n<meta property=\"og:image\" content=\"https:\/\/pffa.com.br\/wp-content\/uploads\/2024\/08\/PFFA_Advogados-Valentina_Tamarozzi.webp\" \/>\n<meta name=\"twitter:card\" content=\"summary_large_image\" \/>\n<meta name=\"twitter:label1\" content=\"Est. reading time\" \/>\n\t<meta name=\"twitter:data1\" content=\"1 minute\" \/>\n<script type=\"application\/ld+json\" class=\"yoast-schema-graph\">{\"@context\":\"https:\/\/schema.org\",\"@graph\":[{\"@type\":\"WebPage\",\"@id\":\"https:\/\/pffa.com.br\/valentina-tamarozzi\/\",\"url\":\"https:\/\/pffa.com.br\/valentina-tamarozzi\/\",\"name\":\"Valentina Tamarozzi - Ferr\u00e3o\",\"isPartOf\":{\"@id\":\"https:\/\/pffa.com.br\/#website\"},\"primaryImageOfPage\":{\"@id\":\"https:\/\/pffa.com.br\/valentina-tamarozzi\/#primaryimage\"},\"image\":{\"@id\":\"https:\/\/pffa.com.br\/valentina-tamarozzi\/#primaryimage\"},\"thumbnailUrl\":\"https:\/\/pffa.com.br\/wp-content\/uploads\/2024\/08\/PFFA_Advogados-Valentina_Tamarozzi.webp\",\"datePublished\":\"2024-10-28T20:11:11+00:00\",\"dateModified\":\"2026-04-08T19:35:14+00:00\",\"breadcrumb\":{\"@id\":\"https:\/\/pffa.com.br\/valentina-tamarozzi\/#breadcrumb\"},\"inLanguage\":\"en-US\",\"potentialAction\":[{\"@type\":\"ReadAction\",\"target\":[\"https:\/\/pffa.com.br\/valentina-tamarozzi\/\"]}]},{\"@type\":\"ImageObject\",\"inLanguage\":\"en-US\",\"@id\":\"https:\/\/pffa.com.br\/valentina-tamarozzi\/#primaryimage\",\"url\":\"https:\/\/pffa.com.br\/wp-content\/uploads\/2024\/08\/PFFA_Advogados-Valentina_Tamarozzi.webp\",\"contentUrl\":\"https:\/\/pffa.com.br\/wp-content\/uploads\/2024\/08\/PFFA_Advogados-Valentina_Tamarozzi.webp\"},{\"@type\":\"BreadcrumbList\",\"@id\":\"https:\/\/pffa.com.br\/valentina-tamarozzi\/#breadcrumb\",\"itemListElement\":[{\"@type\":\"ListItem\",\"position\":1,\"name\":\"In\u00edcio\",\"item\":\"https:\/\/pffa.com.br\/\"},{\"@type\":\"ListItem\",\"position\":2,\"name\":\"Valentina Tamarozzi\"}]},{\"@type\":\"WebSite\",\"@id\":\"https:\/\/pffa.com.br\/#website\",\"url\":\"https:\/\/pffa.com.br\/\",\"name\":\"Ferr\u00e3o\",\"description\":\"Ferr\u00e3o &amp; Ferr\u00e3o Advogados Associados\",\"potentialAction\":[{\"@type\":\"SearchAction\",\"target\":{\"@type\":\"EntryPoint\",\"urlTemplate\":\"https:\/\/pffa.com.br\/?s={search_term_string}\"},\"query-input\":\"required name=search_term_string\"}],\"inLanguage\":\"en-US\"}]}<\/script>\n<!-- \/ Yoast SEO plugin. -->","yoast_head_json":{"title":"Valentina Tamarozzi - Ferr\u00e3o","robots":{"index":"index","follow":"follow","max-snippet":"max-snippet:-1","max-image-preview":"max-image-preview:large","max-video-preview":"max-video-preview:-1"},"canonical":"https:\/\/pffa.com.br\/en\/valentina-tamarozzi\/","og_locale":"en_US","og_type":"article","og_title":"Valentina Tamarozzi - Ferr\u00e3o","og_description":"Valentina Tamarozzi Advogada associada do Ferr\u00e3o &amp; Ferr\u00e3o Advogados Associados. Atuante em Direito Digital e Prote\u00e7\u00e3o de Dados Pessoais. Bacharel em Direito pela Pontif\u00edcia Universidade Cat\u00f3lica de Campinas. Especialista em Processo Civil avan\u00e7ado pela Pontif\u00edcia Universidade Cat\u00f3lica de Campinas. Monitora Volunt\u00e1ria de Direito constitucional II pela Pontif\u00edcia Universidade Cat\u00f3lica, sob supervis\u00e3o do Professor Henderson Furst [&hellip;]","og_url":"https:\/\/pffa.com.br\/en\/valentina-tamarozzi\/","og_site_name":"Ferr\u00e3o","article_modified_time":"2026-04-08T19:35:14+00:00","og_image":[{"url":"https:\/\/pffa.com.br\/wp-content\/uploads\/2024\/08\/PFFA_Advogados-Valentina_Tamarozzi.webp"}],"twitter_card":"summary_large_image","twitter_misc":{"Est. reading time":"1 minute"},"schema":{"@context":"https:\/\/schema.org","@graph":[{"@type":"WebPage","@id":"https:\/\/pffa.com.br\/valentina-tamarozzi\/","url":"https:\/\/pffa.com.br\/valentina-tamarozzi\/","name":"Valentina Tamarozzi - Ferr\u00e3o","isPartOf":{"@id":"https:\/\/pffa.com.br\/#website"},"primaryImageOfPage":{"@id":"https:\/\/pffa.com.br\/valentina-tamarozzi\/#primaryimage"},"image":{"@id":"https:\/\/pffa.com.br\/valentina-tamarozzi\/#primaryimage"},"thumbnailUrl":"https:\/\/pffa.com.br\/wp-content\/uploads\/2024\/08\/PFFA_Advogados-Valentina_Tamarozzi.webp","datePublished":"2024-10-28T20:11:11+00:00","dateModified":"2026-04-08T19:35:14+00:00","breadcrumb":{"@id":"https:\/\/pffa.com.br\/valentina-tamarozzi\/#breadcrumb"},"inLanguage":"en-US","potentialAction":[{"@type":"ReadAction","target":["https:\/\/pffa.com.br\/valentina-tamarozzi\/"]}]},{"@type":"ImageObject","inLanguage":"en-US","@id":"https:\/\/pffa.com.br\/valentina-tamarozzi\/#primaryimage","url":"https:\/\/pffa.com.br\/wp-content\/uploads\/2024\/08\/PFFA_Advogados-Valentina_Tamarozzi.webp","contentUrl":"https:\/\/pffa.com.br\/wp-content\/uploads\/2024\/08\/PFFA_Advogados-Valentina_Tamarozzi.webp"},{"@type":"BreadcrumbList","@id":"https:\/\/pffa.com.br\/valentina-tamarozzi\/#breadcrumb","itemListElement":[{"@type":"ListItem","position":1,"name":"In\u00edcio","item":"https:\/\/pffa.com.br\/"},{"@type":"ListItem","position":2,"name":"Valentina Tamarozzi"}]},{"@type":"WebSite","@id":"https:\/\/pffa.com.br\/#website","url":"https:\/\/pffa.com.br\/","name":"Ferr\u00e3o","description":"Ferr\u00e3o &amp; Ferr\u00e3o Advogados Associados","potentialAction":[{"@type":"SearchAction","target":{"@type":"EntryPoint","urlTemplate":"https:\/\/pffa.com.br\/?s={search_term_string}"},"query-input":"required name=search_term_string"}],"inLanguage":"en-US"}]}},"_links":{"self":[{"href":"https:\/\/pffa.com.br\/en\/wp-json\/wp\/v2\/pages\/1436","targetHints":{"allow":["GET"]}}],"collection":[{"href":"https:\/\/pffa.com.br\/en\/wp-json\/wp\/v2\/pages"}],"about":[{"href":"https:\/\/pffa.com.br\/en\/wp-json\/wp\/v2\/types\/page"}],"author":[{"embeddable":true,"href":"https:\/\/pffa.com.br\/en\/wp-json\/wp\/v2\/users\/1"}],"replies":[{"embeddable":true,"href":"https:\/\/pffa.com.br\/en\/wp-json\/wp\/v2\/comments?post=1436"}],"version-history":[{"count":7,"href":"https:\/\/pffa.com.br\/en\/wp-json\/wp\/v2\/pages\/1436\/revisions"}],"predecessor-version":[{"id":1946,"href":"https:\/\/pffa.com.br\/en\/wp-json\/wp\/v2\/pages\/1436\/revisions\/1946"}],"wp:attachment":[{"href":"https:\/\/pffa.com.br\/en\/wp-json\/wp\/v2\/media?parent=1436"}],"curies":[{"name":"wp","href":"https:\/\/api.w.org\/{rel}","templated":true}]}}