{"id":527,"date":"2024-09-05T11:43:39","date_gmt":"2024-09-05T14:43:39","guid":{"rendered":"https:\/\/pffa.com.br\/?page_id=527"},"modified":"2024-09-05T15:19:08","modified_gmt":"2024-09-05T18:19:08","slug":"claudenir-pigao","status":"publish","type":"page","link":"https:\/\/pffa.com.br\/en\/claudenir-pigao\/","title":{"rendered":"Claudenir Pig\u00e3o"},"content":{"rendered":"<div data-elementor-type=\"wp-page\" data-elementor-id=\"527\" class=\"elementor elementor-527\" data-elementor-post-type=\"page\">\n\t\t\t\t<div class=\"elementor-element elementor-element-4472d59 e-flex e-con-boxed e-con e-parent\" data-id=\"4472d59\" data-element_type=\"container\" data-settings=\"{&quot;jet_parallax_layout_list&quot;:[]}\">\n\t\t\t\t\t<div class=\"e-con-inner\">\n\t\t<div class=\"elementor-element elementor-element-217b1a8 e-con-full e-flex e-con e-child\" data-id=\"217b1a8\" data-element_type=\"container\" data-settings=\"{&quot;jet_parallax_layout_list&quot;:[],&quot;sticky&quot;:&quot;top&quot;,&quot;sticky_on&quot;:[&quot;desktop&quot;,&quot;tablet&quot;],&quot;sticky_parent&quot;:&quot;yes&quot;,&quot;sticky_offset&quot;:20,&quot;sticky_effects_offset&quot;:0}\">\n\t\t\t\t<div class=\"elementor-element elementor-element-c7a496a elementor-widget elementor-widget-image\" data-id=\"c7a496a\" data-element_type=\"widget\" data-widget_type=\"image.default\">\n\t\t\t\t<div class=\"elementor-widget-container\">\n\t\t\t\t\t\t\t\t\t\t\t\t\t<img fetchpriority=\"high\" decoding=\"async\" width=\"500\" height=\"566\" src=\"https:\/\/pffa.com.br\/wp-content\/uploads\/2024\/08\/PFFA_Advogados-Claudenir_Pigao.webp\" class=\"attachment-large size-large wp-image-336\" alt=\"\" srcset=\"https:\/\/pffa.com.br\/wp-content\/uploads\/2024\/08\/PFFA_Advogados-Claudenir_Pigao.webp 500w, https:\/\/pffa.com.br\/wp-content\/uploads\/2024\/08\/PFFA_Advogados-Claudenir_Pigao-265x300.webp 265w\" sizes=\"(max-width: 500px) 100vw, 500px\" \/>\t\t\t\t\t\t\t\t\t\t\t\t\t<\/div>\n\t\t\t\t<\/div>\n\t\t\t\t<\/div>\n\t\t<div class=\"elementor-element elementor-element-9a56cd6 e-con-full e-flex e-con e-child\" data-id=\"9a56cd6\" data-element_type=\"container\" data-settings=\"{&quot;jet_parallax_layout_list&quot;:[]}\">\n\t\t<div class=\"elementor-element elementor-element-badf2da e-con-full e-flex e-con e-child\" data-id=\"badf2da\" data-element_type=\"container\" data-settings=\"{&quot;jet_parallax_layout_list&quot;:[]}\">\n\t\t\t\t<div class=\"elementor-element elementor-element-f405acc elementor-widget elementor-widget-heading\" data-id=\"f405acc\" data-element_type=\"widget\" data-widget_type=\"heading.default\">\n\t\t\t\t<div class=\"elementor-widget-container\">\n\t\t\t<h2 class=\"elementor-heading-title elementor-size-default\">Claudenir Pig\u00e3o<\/h2>\t\t<\/div>\n\t\t\t\t<\/div>\n\t\t\t\t<div class=\"elementor-element elementor-element-fe0572e elementor-view-stacked elementor-shape-square elementor-widget elementor-widget-icon\" data-id=\"fe0572e\" data-element_type=\"widget\" data-widget_type=\"icon.default\">\n\t\t\t\t<div class=\"elementor-widget-container\">\n\t\t\t\t\t<div class=\"elementor-icon-wrapper\">\n\t\t\t<a class=\"elementor-icon\" href=\"https:\/\/www.linkedin.com\/in\/claudenir-pig%C3%A3o-mich%C3%A9ias-alves-bb0243b6\" target=\"_blank\">\n\t\t\t<svg aria-hidden=\"true\" class=\"e-font-icon-svg e-fab-linkedin-in\" viewbox=\"0 0 448 512\" xmlns=\"http:\/\/www.w3.org\/2000\/svg\"><path d=\"M100.28 448H7.4V148.9h92.88zM53.79 108.1C24.09 108.1 0 83.5 0 53.8a53.79 53.79 0 0 1 107.58 0c0 29.7-24.1 54.3-53.79 54.3zM447.9 448h-92.68V302.4c0-34.7-.7-79.2-48.29-79.2-48.29 0-55.69 37.7-55.69 76.7V448h-92.78V148.9h89.08v40.8h1.3c12.4-23.5 42.69-48.3 87.88-48.3 94 0 111.28 61.9 111.28 142.3V448z\"><\/path><\/svg>\t\t\t<\/a>\n\t\t<\/div>\n\t\t\t\t<\/div>\n\t\t\t\t<\/div>\n\t\t\t\t<\/div>\n\t\t\t\t<div class=\"elementor-element elementor-element-67398d1 elementor-widget elementor-widget-text-editor\" data-id=\"67398d1\" data-element_type=\"widget\" data-widget_type=\"text-editor.default\">\n\t\t\t\t<div class=\"elementor-widget-container\">\n\t\t\t\t\t\t\t<p style=\"text-align: justify;\">Advogado com grande especializa\u00e7\u00e3o em Direito Empresarial, fruto de sua atua\u00e7\u00e3o como diretor do Departamento Jur\u00eddico de uma grande empresa do setor industrial, na qual permaneceu at\u00e9 o ano de 2004. Naquele ano, fundou seu pr\u00f3prio escrit\u00f3rio de advocacia, em S\u00e3o Jos\u00e9 do Rio Preto, Estado de S\u00e3o Paulo. A custa de muito empenho e resultados de valor, a banca tornou-se uma das mais renomadas do noroeste paulista. Pig\u00e3o \u00e9 membro da Comiss\u00e3o de Direito de Minera\u00e7\u00e3o da OAB\/SP. \u00c9 especialista em Direito Societ\u00e1rio.<\/p>\t\t\t\t\t\t<\/div>\n\t\t\t\t<\/div>\n\t\t\t\t<\/div>\n\t\t\t\t\t<\/div>\n\t\t\t\t<\/div>\n\t\t\t\t<\/div>","protected":false},"excerpt":{"rendered":"<p>Claudenir Pig\u00e3o Advogado com grande especializa\u00e7\u00e3o em Direito Empresarial, fruto de sua atua\u00e7\u00e3o como diretor do Departamento Jur\u00eddico de uma grande empresa do setor industrial, na qual permaneceu at\u00e9 o ano de 2004. Naquele ano, fundou seu pr\u00f3prio escrit\u00f3rio de advocacia, em S\u00e3o Jos\u00e9 do Rio Preto, Estado de S\u00e3o Paulo. A custa de muito [&hellip;]<\/p>","protected":false},"author":1,"featured_media":0,"parent":0,"menu_order":0,"comment_status":"closed","ping_status":"closed","template":"elementor_header_footer","meta":{"footnotes":""},"class_list":["post-527","page","type-page","status-publish","hentry"],"yoast_head":"<!-- This site is optimized with the Yoast SEO plugin v22.6 - https:\/\/yoast.com\/wordpress\/plugins\/seo\/ -->\n<title>Claudenir Pig\u00e3o - Ferr\u00e3o<\/title>\n<meta name=\"robots\" content=\"index, follow, max-snippet:-1, max-image-preview:large, max-video-preview:-1\" \/>\n<link rel=\"canonical\" href=\"https:\/\/pffa.com.br\/en\/claudenir-pigao\/\" \/>\n<meta property=\"og:locale\" content=\"en_US\" \/>\n<meta property=\"og:type\" content=\"article\" \/>\n<meta property=\"og:title\" content=\"Claudenir Pig\u00e3o - Ferr\u00e3o\" \/>\n<meta property=\"og:description\" content=\"Claudenir Pig\u00e3o Advogado com grande especializa\u00e7\u00e3o em Direito Empresarial, fruto de sua atua\u00e7\u00e3o como diretor do Departamento Jur\u00eddico de uma grande empresa do setor industrial, na qual permaneceu at\u00e9 o ano de 2004. Naquele ano, fundou seu pr\u00f3prio escrit\u00f3rio de advocacia, em S\u00e3o Jos\u00e9 do Rio Preto, Estado de S\u00e3o Paulo. A custa de muito [&hellip;]\" \/>\n<meta property=\"og:url\" content=\"https:\/\/pffa.com.br\/en\/claudenir-pigao\/\" \/>\n<meta property=\"og:site_name\" content=\"Ferr\u00e3o\" \/>\n<meta property=\"article:modified_time\" content=\"2024-09-05T18:19:08+00:00\" \/>\n<meta property=\"og:image\" content=\"https:\/\/pffa.com.br\/wp-content\/uploads\/2024\/08\/PFFA_Advogados-Claudenir_Pigao.webp\" \/>\n<meta name=\"twitter:card\" content=\"summary_large_image\" \/>\n<script type=\"application\/ld+json\" class=\"yoast-schema-graph\">{\"@context\":\"https:\/\/schema.org\",\"@graph\":[{\"@type\":\"WebPage\",\"@id\":\"https:\/\/pffa.com.br\/claudenir-pigao\/\",\"url\":\"https:\/\/pffa.com.br\/claudenir-pigao\/\",\"name\":\"Claudenir Pig\u00e3o - Ferr\u00e3o\",\"isPartOf\":{\"@id\":\"https:\/\/pffa.com.br\/#website\"},\"primaryImageOfPage\":{\"@id\":\"https:\/\/pffa.com.br\/claudenir-pigao\/#primaryimage\"},\"image\":{\"@id\":\"https:\/\/pffa.com.br\/claudenir-pigao\/#primaryimage\"},\"thumbnailUrl\":\"https:\/\/pffa.com.br\/wp-content\/uploads\/2024\/08\/PFFA_Advogados-Claudenir_Pigao.webp\",\"datePublished\":\"2024-09-05T14:43:39+00:00\",\"dateModified\":\"2024-09-05T18:19:08+00:00\",\"breadcrumb\":{\"@id\":\"https:\/\/pffa.com.br\/claudenir-pigao\/#breadcrumb\"},\"inLanguage\":\"en-US\",\"potentialAction\":[{\"@type\":\"ReadAction\",\"target\":[\"https:\/\/pffa.com.br\/claudenir-pigao\/\"]}]},{\"@type\":\"ImageObject\",\"inLanguage\":\"en-US\",\"@id\":\"https:\/\/pffa.com.br\/claudenir-pigao\/#primaryimage\",\"url\":\"https:\/\/pffa.com.br\/wp-content\/uploads\/2024\/08\/PFFA_Advogados-Claudenir_Pigao.webp\",\"contentUrl\":\"https:\/\/pffa.com.br\/wp-content\/uploads\/2024\/08\/PFFA_Advogados-Claudenir_Pigao.webp\"},{\"@type\":\"BreadcrumbList\",\"@id\":\"https:\/\/pffa.com.br\/claudenir-pigao\/#breadcrumb\",\"itemListElement\":[{\"@type\":\"ListItem\",\"position\":1,\"name\":\"In\u00edcio\",\"item\":\"https:\/\/pffa.com.br\/\"},{\"@type\":\"ListItem\",\"position\":2,\"name\":\"Claudenir Pig\u00e3o\"}]},{\"@type\":\"WebSite\",\"@id\":\"https:\/\/pffa.com.br\/#website\",\"url\":\"https:\/\/pffa.com.br\/\",\"name\":\"Ferr\u00e3o\",\"description\":\"Ferr\u00e3o &amp; Ferr\u00e3o Advogados Associados\",\"potentialAction\":[{\"@type\":\"SearchAction\",\"target\":{\"@type\":\"EntryPoint\",\"urlTemplate\":\"https:\/\/pffa.com.br\/?s={search_term_string}\"},\"query-input\":\"required name=search_term_string\"}],\"inLanguage\":\"en-US\"}]}<\/script>\n<!-- \/ Yoast SEO plugin. -->","yoast_head_json":{"title":"Claudenir Pig\u00e3o - Ferr\u00e3o","robots":{"index":"index","follow":"follow","max-snippet":"max-snippet:-1","max-image-preview":"max-image-preview:large","max-video-preview":"max-video-preview:-1"},"canonical":"https:\/\/pffa.com.br\/en\/claudenir-pigao\/","og_locale":"en_US","og_type":"article","og_title":"Claudenir Pig\u00e3o - Ferr\u00e3o","og_description":"Claudenir Pig\u00e3o Advogado com grande especializa\u00e7\u00e3o em Direito Empresarial, fruto de sua atua\u00e7\u00e3o como diretor do Departamento Jur\u00eddico de uma grande empresa do setor industrial, na qual permaneceu at\u00e9 o ano de 2004. Naquele ano, fundou seu pr\u00f3prio escrit\u00f3rio de advocacia, em S\u00e3o Jos\u00e9 do Rio Preto, Estado de S\u00e3o Paulo. A custa de muito [&hellip;]","og_url":"https:\/\/pffa.com.br\/en\/claudenir-pigao\/","og_site_name":"Ferr\u00e3o","article_modified_time":"2024-09-05T18:19:08+00:00","og_image":[{"url":"https:\/\/pffa.com.br\/wp-content\/uploads\/2024\/08\/PFFA_Advogados-Claudenir_Pigao.webp"}],"twitter_card":"summary_large_image","schema":{"@context":"https:\/\/schema.org","@graph":[{"@type":"WebPage","@id":"https:\/\/pffa.com.br\/claudenir-pigao\/","url":"https:\/\/pffa.com.br\/claudenir-pigao\/","name":"Claudenir Pig\u00e3o - Ferr\u00e3o","isPartOf":{"@id":"https:\/\/pffa.com.br\/#website"},"primaryImageOfPage":{"@id":"https:\/\/pffa.com.br\/claudenir-pigao\/#primaryimage"},"image":{"@id":"https:\/\/pffa.com.br\/claudenir-pigao\/#primaryimage"},"thumbnailUrl":"https:\/\/pffa.com.br\/wp-content\/uploads\/2024\/08\/PFFA_Advogados-Claudenir_Pigao.webp","datePublished":"2024-09-05T14:43:39+00:00","dateModified":"2024-09-05T18:19:08+00:00","breadcrumb":{"@id":"https:\/\/pffa.com.br\/claudenir-pigao\/#breadcrumb"},"inLanguage":"en-US","potentialAction":[{"@type":"ReadAction","target":["https:\/\/pffa.com.br\/claudenir-pigao\/"]}]},{"@type":"ImageObject","inLanguage":"en-US","@id":"https:\/\/pffa.com.br\/claudenir-pigao\/#primaryimage","url":"https:\/\/pffa.com.br\/wp-content\/uploads\/2024\/08\/PFFA_Advogados-Claudenir_Pigao.webp","contentUrl":"https:\/\/pffa.com.br\/wp-content\/uploads\/2024\/08\/PFFA_Advogados-Claudenir_Pigao.webp"},{"@type":"BreadcrumbList","@id":"https:\/\/pffa.com.br\/claudenir-pigao\/#breadcrumb","itemListElement":[{"@type":"ListItem","position":1,"name":"In\u00edcio","item":"https:\/\/pffa.com.br\/"},{"@type":"ListItem","position":2,"name":"Claudenir Pig\u00e3o"}]},{"@type":"WebSite","@id":"https:\/\/pffa.com.br\/#website","url":"https:\/\/pffa.com.br\/","name":"Ferr\u00e3o","description":"Ferr\u00e3o &amp; Ferr\u00e3o Advogados Associados","potentialAction":[{"@type":"SearchAction","target":{"@type":"EntryPoint","urlTemplate":"https:\/\/pffa.com.br\/?s={search_term_string}"},"query-input":"required name=search_term_string"}],"inLanguage":"en-US"}]}},"_links":{"self":[{"href":"https:\/\/pffa.com.br\/en\/wp-json\/wp\/v2\/pages\/527","targetHints":{"allow":["GET"]}}],"collection":[{"href":"https:\/\/pffa.com.br\/en\/wp-json\/wp\/v2\/pages"}],"about":[{"href":"https:\/\/pffa.com.br\/en\/wp-json\/wp\/v2\/types\/page"}],"author":[{"embeddable":true,"href":"https:\/\/pffa.com.br\/en\/wp-json\/wp\/v2\/users\/1"}],"replies":[{"embeddable":true,"href":"https:\/\/pffa.com.br\/en\/wp-json\/wp\/v2\/comments?post=527"}],"version-history":[{"count":25,"href":"https:\/\/pffa.com.br\/en\/wp-json\/wp\/v2\/pages\/527\/revisions"}],"predecessor-version":[{"id":644,"href":"https:\/\/pffa.com.br\/en\/wp-json\/wp\/v2\/pages\/527\/revisions\/644"}],"wp:attachment":[{"href":"https:\/\/pffa.com.br\/en\/wp-json\/wp\/v2\/media?parent=527"}],"curies":[{"name":"wp","href":"https:\/\/api.w.org\/{rel}","templated":true}]}}