{"id":918,"date":"2024-10-01T14:53:46","date_gmt":"2024-10-01T17:53:46","guid":{"rendered":"https:\/\/pffa.com.br\/?page_id=918"},"modified":"2024-10-23T19:16:31","modified_gmt":"2024-10-23T22:16:31","slug":"direito-digital","status":"publish","type":"page","link":"https:\/\/pffa.com.br\/en\/direito-digital\/","title":{"rendered":"Direito Digital"},"content":{"rendered":"<div data-elementor-type=\"wp-page\" data-elementor-id=\"918\" class=\"elementor elementor-918\" data-elementor-post-type=\"page\">\n\t\t\t\t<div class=\"elementor-element elementor-element-29c0e06 e-flex e-con-boxed e-con e-parent\" data-id=\"29c0e06\" data-element_type=\"container\" data-settings=\"{&quot;jet_parallax_layout_list&quot;:[]}\">\n\t\t\t\t\t<div class=\"e-con-inner\">\n\t\t\t\t<div class=\"elementor-element elementor-element-181d458 elementor-widget elementor-widget-heading\" data-id=\"181d458\" data-element_type=\"widget\" data-widget_type=\"heading.default\">\n\t\t\t\t<div class=\"elementor-widget-container\">\n\t\t\t<h2 class=\"elementor-heading-title elementor-size-default\">Direito Digital<\/h2>\t\t<\/div>\n\t\t\t\t<\/div>\n\t\t\t\t<div class=\"elementor-element elementor-element-67482e8 elementor-icon-list--layout-inline elementor-list-item-link-full_width elementor-widget elementor-widget-icon-list\" data-id=\"67482e8\" data-element_type=\"widget\" data-widget_type=\"icon-list.default\">\n\t\t\t\t<div class=\"elementor-widget-container\">\n\t\t\t\t\t<ul class=\"elementor-icon-list-items elementor-inline-items\">\n\t\t\t\t\t\t\t<li class=\"elementor-icon-list-item elementor-inline-item\">\n\t\t\t\t\t\t\t\t\t\t\t<a href=\"https:\/\/pffa.com.br\/en\">\n\n\t\t\t\t\t\t\t\t\t\t\t<span class=\"elementor-icon-list-text\">Home<\/span>\n\t\t\t\t\t\t\t\t\t\t\t<\/a>\n\t\t\t\t\t\t\t\t\t<\/li>\n\t\t\t\t\t\t\t\t<li class=\"elementor-icon-list-item elementor-inline-item\">\n\t\t\t\t\t\t\t\t\t\t\t<span class=\"elementor-icon-list-icon\">\n\t\t\t\t\t\t\t<i aria-hidden=\"true\" class=\"arrow_carrot-right\"><\/i>\t\t\t\t\t\t<\/span>\n\t\t\t\t\t\t\t\t\t\t<span class=\"elementor-icon-list-text\">Direito Digital<\/span>\n\t\t\t\t\t\t\t\t\t<\/li>\n\t\t\t\t\t\t<\/ul>\n\t\t\t\t<\/div>\n\t\t\t\t<\/div>\n\t\t\t\t\t<\/div>\n\t\t\t\t<\/div>\n\t\t<div class=\"elementor-element elementor-element-c6e0c3d e-flex e-con-boxed e-con e-parent\" data-id=\"c6e0c3d\" data-element_type=\"container\" data-settings=\"{&quot;jet_parallax_layout_list&quot;:[]}\">\n\t\t\t\t\t<div class=\"e-con-inner\">\n\t\t<div class=\"elementor-element elementor-element-06da958 e-con-full e-flex e-con e-child\" data-id=\"06da958\" data-element_type=\"container\" data-settings=\"{&quot;jet_parallax_layout_list&quot;:[],&quot;background_background&quot;:&quot;classic&quot;}\">\n\t\t\t\t<\/div>\n\t\t<div class=\"elementor-element elementor-element-9446804 e-con-full e-flex e-con e-child\" data-id=\"9446804\" data-element_type=\"container\" data-settings=\"{&quot;jet_parallax_layout_list&quot;:[]}\">\n\t\t\t\t<div class=\"elementor-element elementor-element-df14834 elementor-widget elementor-widget-text-editor\" data-id=\"df14834\" data-element_type=\"widget\" data-widget_type=\"text-editor.default\">\n\t\t\t\t<div class=\"elementor-widget-container\">\n\t\t\t\t\t\t\t<div class=\"fusion-text fusion-text-2\"><p style=\"text-align: justify;\">Com s\u00f3lida experi\u00eancia em Direito Digital, nossos especialistas s\u00e3o h\u00e1beis nas seguintes \u00e1reas:<\/p><\/div>\t\t\t\t\t\t<\/div>\n\t\t\t\t<\/div>\n\t\t\t\t<div class=\"elementor-element elementor-element-fe730ee elementor-widget elementor-widget-heading\" data-id=\"fe730ee\" data-element_type=\"widget\" data-widget_type=\"heading.default\">\n\t\t\t\t<div class=\"elementor-widget-container\">\n\t\t\t<h4 class=\"elementor-heading-title elementor-size-default\">Seguran\u00e7a Digital:<\/h4>\t\t<\/div>\n\t\t\t\t<\/div>\n\t\t\t\t<div class=\"elementor-element elementor-element-2b45a33 elementor-widget elementor-widget-text-editor\" data-id=\"2b45a33\" data-element_type=\"widget\" data-widget_type=\"text-editor.default\">\n\t\t\t\t<div class=\"elementor-widget-container\">\n\t\t\t\t\t\t\t<p style=\"text-align: justify;\">Notifica\u00e7\u00f5es Preven\u00e7\u00e3o ao combate a fraudes; Implementa\u00e7\u00e3o ou revis\u00e3o de pol\u00edticas internas; Revis\u00e3o de contratos com terceiros; Condu\u00e7\u00e3o de sindic\u00e2ncias internas; Preven\u00e7\u00e3o e combate ao vazamento de informa\u00e7\u00f5es; Treinamento de colaboradores.<\/p>\t\t\t\t\t\t<\/div>\n\t\t\t\t<\/div>\n\t\t\t\t<div class=\"elementor-element elementor-element-7ed9d7a elementor-widget elementor-widget-heading\" data-id=\"7ed9d7a\" data-element_type=\"widget\" data-widget_type=\"heading.default\">\n\t\t\t\t<div class=\"elementor-widget-container\">\n\t\t\t<h4 class=\"elementor-heading-title elementor-size-default\">Contencioso Digital Civil, Criminal e Trabalhista:<\/h4>\t\t<\/div>\n\t\t\t\t<\/div>\n\t\t\t\t<div class=\"elementor-element elementor-element-71c160e elementor-widget elementor-widget-text-editor\" data-id=\"71c160e\" data-element_type=\"widget\" data-widget_type=\"text-editor.default\">\n\t\t\t\t<div class=\"elementor-widget-container\">\n\t\t\t\t\t\t\t<p style=\"text-align: justify;\">Notifica\u00e7\u00f5es e Interpela\u00e7\u00f5es Extrajudiciais; Propositura de a\u00e7\u00f5es c\u00edveis de car\u00e1ter indenizat\u00f3rio e obrigacional; Pedido de tutelas de urg\u00eancia; Ado\u00e7\u00e3o das medidas legais para identifica\u00e7\u00e3o de respons\u00e1veis por condutas il\u00edcitas na Internet; Ado\u00e7\u00e3o das medidas legais para investiga\u00e7\u00e3o de condutas criminosas; Propositura e acompanhamento de a\u00e7\u00f5es penais; Propositura de medidas e defesa no \u00e2mbito administrativo, c\u00edvel, criminal e trabalhista; Organiza\u00e7\u00e3o e execu\u00e7\u00e3o do suporte para as den\u00fancias recebidas, atrav\u00e9s canal de den\u00fancia.<\/p>\t\t\t\t\t\t<\/div>\n\t\t\t\t<\/div>\n\t\t\t\t<div class=\"elementor-element elementor-element-7ef12f8 elementor-widget elementor-widget-heading\" data-id=\"7ef12f8\" data-element_type=\"widget\" data-widget_type=\"heading.default\">\n\t\t\t\t<div class=\"elementor-widget-container\">\n\t\t\t<h4 class=\"elementor-heading-title elementor-size-default\">Reputa\u00e7\u00e3o Online:<\/h4>\t\t<\/div>\n\t\t\t\t<\/div>\n\t\t\t\t<div class=\"elementor-element elementor-element-fc8a0d9 elementor-widget elementor-widget-text-editor\" data-id=\"fc8a0d9\" data-element_type=\"widget\" data-widget_type=\"text-editor.default\">\n\t\t\t\t<div class=\"elementor-widget-container\">\n\t\t\t\t\t\t\t<p style=\"text-align: justify;\">Monitoramento de conte\u00fado na Internet (nomes, marcas, dom\u00ednios, entre outros); Resposta a incidentes; Provid\u00eancias para remo\u00e7\u00e3o de conte\u00fado ofensivo; Ado\u00e7\u00e3o de medidas protetivas das marcas; Direito ao esquecimento; Combate ao anonimato; Medidas judiciais inibit\u00f3rias e indenizat\u00f3rias.<\/p>\t\t\t\t\t\t<\/div>\n\t\t\t\t<\/div>\n\t\t\t\t<div class=\"elementor-element elementor-element-e2f276a elementor-widget elementor-widget-heading\" data-id=\"e2f276a\" data-element_type=\"widget\" data-widget_type=\"heading.default\">\n\t\t\t\t<div class=\"elementor-widget-container\">\n\t\t\t<h4 class=\"elementor-heading-title elementor-size-default\">Compliance Digital:<\/h4>\t\t<\/div>\n\t\t\t\t<\/div>\n\t\t\t\t<div class=\"elementor-element elementor-element-edb80e8 elementor-widget elementor-widget-text-editor\" data-id=\"edb80e8\" data-element_type=\"widget\" data-widget_type=\"text-editor.default\">\n\t\t\t\t<div class=\"elementor-widget-container\">\n\t\t\t\t\t\t\t<p style=\"text-align: justify;\">Implementa\u00e7\u00e3o ou revis\u00e3o de regulamentos internos, c\u00f3digos de conduta, pol\u00edticas corporativas, de privacidade; Implementa\u00e7\u00e3o de termos de uso e pol\u00edticas de sites e apps; Assessoria jur\u00eddica em licenciamento de softwares; Assist\u00eancia na reorganiza\u00e7\u00e3o da \u00e1rea de Compliance, por meio da implementa\u00e7\u00e3o de solu\u00e7\u00f5es digitais; Aux\u00edlio na introdu\u00e7\u00e3o de mecanismos de supervis\u00e3o, controle e indicadores para prevenir infra\u00e7\u00f5es \u00e0s leis, c\u00f3digos de conduta e pol\u00edticas; Aux\u00edlio na instaura\u00e7\u00e3o de sistemas de reporte, por meio da utiliza\u00e7\u00e3o de plataformas digitais.<\/p>\t\t\t\t\t\t<\/div>\n\t\t\t\t<\/div>\n\t\t\t\t<div class=\"elementor-element elementor-element-1ba3efc elementor-widget elementor-widget-heading\" data-id=\"1ba3efc\" data-element_type=\"widget\" data-widget_type=\"heading.default\">\n\t\t\t\t<div class=\"elementor-widget-container\">\n\t\t\t<h4 class=\"elementor-heading-title elementor-size-default\">Propriedade Intelectual:<\/h4>\t\t<\/div>\n\t\t\t\t<\/div>\n\t\t\t\t<div class=\"elementor-element elementor-element-e8863cf elementor-widget elementor-widget-text-editor\" data-id=\"e8863cf\" data-element_type=\"widget\" data-widget_type=\"text-editor.default\">\n\t\t\t\t<div class=\"elementor-widget-container\">\n\t\t\t\t\t\t\t<p style=\"text-align: justify;\">Repress\u00e3o e combate \u00e0 viola\u00e7\u00e3o de direitos autorais e pirataria; Assessoria jur\u00eddica em direitos autorais sobre programa de computador; Repress\u00e3o \u00e0 concorr\u00eancia desleal; Estrutura\u00e7\u00e3o de licen\u00e7as e cess\u00f5es de direitos; An\u00e1lises jur\u00eddicas e pareceres; Monitoramento de marcas e palavras- chaves no ambiente digital.<\/p>\t\t\t\t\t\t<\/div>\n\t\t\t\t<\/div>\n\t\t\t\t<div class=\"elementor-element elementor-element-cf4b3dc elementor-widget elementor-widget-heading\" data-id=\"cf4b3dc\" data-element_type=\"widget\" data-widget_type=\"heading.default\">\n\t\t\t\t<div class=\"elementor-widget-container\">\n\t\t\t<h4 class=\"elementor-heading-title elementor-size-default\">Consultivo Estrat\u00e9gico:<\/h4>\t\t<\/div>\n\t\t\t\t<\/div>\n\t\t\t\t<div class=\"elementor-element elementor-element-56e64af elementor-widget elementor-widget-text-editor\" data-id=\"56e64af\" data-element_type=\"widget\" data-widget_type=\"text-editor.default\">\n\t\t\t\t<div class=\"elementor-widget-container\">\n\t\t\t\t\t\t\t<p style=\"text-align: justify;\">Elabora\u00e7\u00e3o e revis\u00e3o de contratos de cess\u00f5es de direitos; An\u00e1lise de viabilidade de novos neg\u00f3cios; Orienta\u00e7\u00e3o sobre o tratamento de dados; An\u00e1lises jur\u00eddicas e pareceres; Aplica\u00e7\u00e3o de t\u00e9cnicas de Legal Design e Visual Law; Assessoria jur\u00eddica para correta produ\u00e7\u00e3o de provas.<\/p>\t\t\t\t\t\t<\/div>\n\t\t\t\t<\/div>\n\t\t\t\t<\/div>\n\t\t\t\t\t<\/div>\n\t\t\t\t<\/div>\n\t\t\t\t<\/div>","protected":false},"excerpt":{"rendered":"<p>Home Direito Digital Com s\u00f3lida experi\u00eancia em Direito Digital, nossos especialistas s\u00e3o h\u00e1beis nas seguintes \u00e1reas: Seguran\u00e7a Digital: Notifica\u00e7\u00f5es Preven\u00e7\u00e3o ao combate a fraudes; Implementa\u00e7\u00e3o ou revis\u00e3o de pol\u00edticas internas; Revis\u00e3o de contratos com terceiros; Condu\u00e7\u00e3o de sindic\u00e2ncias internas; Preven\u00e7\u00e3o e combate ao vazamento de informa\u00e7\u00f5es; Treinamento de colaboradores. Contencioso Digital Civil, Criminal e Trabalhista: [&hellip;]<\/p>","protected":false},"author":1,"featured_media":0,"parent":0,"menu_order":0,"comment_status":"closed","ping_status":"closed","template":"elementor_header_footer","meta":{"footnotes":""},"class_list":["post-918","page","type-page","status-publish","hentry"],"yoast_head":"<!-- This site is optimized with the Yoast SEO plugin v22.6 - https:\/\/yoast.com\/wordpress\/plugins\/seo\/ -->\n<title>Direito Digital - Ferr\u00e3o<\/title>\n<meta name=\"robots\" content=\"index, follow, max-snippet:-1, max-image-preview:large, max-video-preview:-1\" \/>\n<link rel=\"canonical\" href=\"https:\/\/pffa.com.br\/en\/direito-digital\/\" \/>\n<meta property=\"og:locale\" content=\"en_US\" \/>\n<meta property=\"og:type\" content=\"article\" \/>\n<meta property=\"og:title\" content=\"Direito Digital - Ferr\u00e3o\" \/>\n<meta property=\"og:description\" content=\"Home Direito Digital Com s\u00f3lida experi\u00eancia em Direito Digital, nossos especialistas s\u00e3o h\u00e1beis nas seguintes \u00e1reas: Seguran\u00e7a Digital: Notifica\u00e7\u00f5es Preven\u00e7\u00e3o ao combate a fraudes; Implementa\u00e7\u00e3o ou revis\u00e3o de pol\u00edticas internas; Revis\u00e3o de contratos com terceiros; Condu\u00e7\u00e3o de sindic\u00e2ncias internas; Preven\u00e7\u00e3o e combate ao vazamento de informa\u00e7\u00f5es; Treinamento de colaboradores. Contencioso Digital Civil, Criminal e Trabalhista: [&hellip;]\" \/>\n<meta property=\"og:url\" content=\"https:\/\/pffa.com.br\/en\/direito-digital\/\" \/>\n<meta property=\"og:site_name\" content=\"Ferr\u00e3o\" \/>\n<meta property=\"article:modified_time\" content=\"2024-10-23T22:16:31+00:00\" \/>\n<meta name=\"twitter:card\" content=\"summary_large_image\" \/>\n<meta name=\"twitter:label1\" content=\"Est. reading time\" \/>\n\t<meta name=\"twitter:data1\" content=\"2 minutes\" \/>\n<script type=\"application\/ld+json\" class=\"yoast-schema-graph\">{\"@context\":\"https:\/\/schema.org\",\"@graph\":[{\"@type\":\"WebPage\",\"@id\":\"https:\/\/pffa.com.br\/direito-digital\/\",\"url\":\"https:\/\/pffa.com.br\/direito-digital\/\",\"name\":\"Direito Digital - Ferr\u00e3o\",\"isPartOf\":{\"@id\":\"https:\/\/pffa.com.br\/#website\"},\"datePublished\":\"2024-10-01T17:53:46+00:00\",\"dateModified\":\"2024-10-23T22:16:31+00:00\",\"breadcrumb\":{\"@id\":\"https:\/\/pffa.com.br\/direito-digital\/#breadcrumb\"},\"inLanguage\":\"en-US\",\"potentialAction\":[{\"@type\":\"ReadAction\",\"target\":[\"https:\/\/pffa.com.br\/direito-digital\/\"]}]},{\"@type\":\"BreadcrumbList\",\"@id\":\"https:\/\/pffa.com.br\/direito-digital\/#breadcrumb\",\"itemListElement\":[{\"@type\":\"ListItem\",\"position\":1,\"name\":\"In\u00edcio\",\"item\":\"https:\/\/pffa.com.br\/\"},{\"@type\":\"ListItem\",\"position\":2,\"name\":\"Direito Digital\"}]},{\"@type\":\"WebSite\",\"@id\":\"https:\/\/pffa.com.br\/#website\",\"url\":\"https:\/\/pffa.com.br\/\",\"name\":\"Ferr\u00e3o\",\"description\":\"Ferr\u00e3o &amp; Ferr\u00e3o Advogados Associados\",\"potentialAction\":[{\"@type\":\"SearchAction\",\"target\":{\"@type\":\"EntryPoint\",\"urlTemplate\":\"https:\/\/pffa.com.br\/?s={search_term_string}\"},\"query-input\":\"required name=search_term_string\"}],\"inLanguage\":\"en-US\"}]}<\/script>\n<!-- \/ Yoast SEO plugin. -->","yoast_head_json":{"title":"Direito Digital - Ferr\u00e3o","robots":{"index":"index","follow":"follow","max-snippet":"max-snippet:-1","max-image-preview":"max-image-preview:large","max-video-preview":"max-video-preview:-1"},"canonical":"https:\/\/pffa.com.br\/en\/direito-digital\/","og_locale":"en_US","og_type":"article","og_title":"Direito Digital - Ferr\u00e3o","og_description":"Home Direito Digital Com s\u00f3lida experi\u00eancia em Direito Digital, nossos especialistas s\u00e3o h\u00e1beis nas seguintes \u00e1reas: Seguran\u00e7a Digital: Notifica\u00e7\u00f5es Preven\u00e7\u00e3o ao combate a fraudes; Implementa\u00e7\u00e3o ou revis\u00e3o de pol\u00edticas internas; Revis\u00e3o de contratos com terceiros; Condu\u00e7\u00e3o de sindic\u00e2ncias internas; Preven\u00e7\u00e3o e combate ao vazamento de informa\u00e7\u00f5es; Treinamento de colaboradores. Contencioso Digital Civil, Criminal e Trabalhista: [&hellip;]","og_url":"https:\/\/pffa.com.br\/en\/direito-digital\/","og_site_name":"Ferr\u00e3o","article_modified_time":"2024-10-23T22:16:31+00:00","twitter_card":"summary_large_image","twitter_misc":{"Est. reading time":"2 minutes"},"schema":{"@context":"https:\/\/schema.org","@graph":[{"@type":"WebPage","@id":"https:\/\/pffa.com.br\/direito-digital\/","url":"https:\/\/pffa.com.br\/direito-digital\/","name":"Direito Digital - Ferr\u00e3o","isPartOf":{"@id":"https:\/\/pffa.com.br\/#website"},"datePublished":"2024-10-01T17:53:46+00:00","dateModified":"2024-10-23T22:16:31+00:00","breadcrumb":{"@id":"https:\/\/pffa.com.br\/direito-digital\/#breadcrumb"},"inLanguage":"en-US","potentialAction":[{"@type":"ReadAction","target":["https:\/\/pffa.com.br\/direito-digital\/"]}]},{"@type":"BreadcrumbList","@id":"https:\/\/pffa.com.br\/direito-digital\/#breadcrumb","itemListElement":[{"@type":"ListItem","position":1,"name":"In\u00edcio","item":"https:\/\/pffa.com.br\/"},{"@type":"ListItem","position":2,"name":"Direito Digital"}]},{"@type":"WebSite","@id":"https:\/\/pffa.com.br\/#website","url":"https:\/\/pffa.com.br\/","name":"Ferr\u00e3o","description":"Ferr\u00e3o &amp; Ferr\u00e3o Advogados Associados","potentialAction":[{"@type":"SearchAction","target":{"@type":"EntryPoint","urlTemplate":"https:\/\/pffa.com.br\/?s={search_term_string}"},"query-input":"required name=search_term_string"}],"inLanguage":"en-US"}]}},"_links":{"self":[{"href":"https:\/\/pffa.com.br\/en\/wp-json\/wp\/v2\/pages\/918","targetHints":{"allow":["GET"]}}],"collection":[{"href":"https:\/\/pffa.com.br\/en\/wp-json\/wp\/v2\/pages"}],"about":[{"href":"https:\/\/pffa.com.br\/en\/wp-json\/wp\/v2\/types\/page"}],"author":[{"embeddable":true,"href":"https:\/\/pffa.com.br\/en\/wp-json\/wp\/v2\/users\/1"}],"replies":[{"embeddable":true,"href":"https:\/\/pffa.com.br\/en\/wp-json\/wp\/v2\/comments?post=918"}],"version-history":[{"count":37,"href":"https:\/\/pffa.com.br\/en\/wp-json\/wp\/v2\/pages\/918\/revisions"}],"predecessor-version":[{"id":1331,"href":"https:\/\/pffa.com.br\/en\/wp-json\/wp\/v2\/pages\/918\/revisions\/1331"}],"wp:attachment":[{"href":"https:\/\/pffa.com.br\/en\/wp-json\/wp\/v2\/media?parent=918"}],"curies":[{"name":"wp","href":"https:\/\/api.w.org\/{rel}","templated":true}]}}