{"id":957,"date":"2024-10-02T11:22:39","date_gmt":"2024-10-02T14:22:39","guid":{"rendered":"https:\/\/pffa.com.br\/?page_id=957"},"modified":"2024-10-16T16:39:58","modified_gmt":"2024-10-16T19:39:58","slug":"direito-empresarial","status":"publish","type":"page","link":"https:\/\/pffa.com.br\/en\/direito-empresarial\/","title":{"rendered":"Direito Empresarial"},"content":{"rendered":"<div data-elementor-type=\"wp-page\" data-elementor-id=\"957\" class=\"elementor elementor-957\" data-elementor-post-type=\"page\">\n\t\t\t\t<div class=\"elementor-element elementor-element-29c0e06 e-flex e-con-boxed e-con e-parent\" data-id=\"29c0e06\" data-element_type=\"container\" data-settings=\"{&quot;jet_parallax_layout_list&quot;:[]}\">\n\t\t\t\t\t<div class=\"e-con-inner\">\n\t\t\t\t<div class=\"elementor-element elementor-element-181d458 elementor-widget elementor-widget-heading\" data-id=\"181d458\" data-element_type=\"widget\" data-widget_type=\"heading.default\">\n\t\t\t\t<div class=\"elementor-widget-container\">\n\t\t\t<h2 class=\"elementor-heading-title elementor-size-default\">Direito Empresarial<\/h2>\t\t<\/div>\n\t\t\t\t<\/div>\n\t\t\t\t<div class=\"elementor-element elementor-element-67482e8 elementor-icon-list--layout-inline elementor-list-item-link-full_width elementor-widget elementor-widget-icon-list\" data-id=\"67482e8\" data-element_type=\"widget\" data-widget_type=\"icon-list.default\">\n\t\t\t\t<div class=\"elementor-widget-container\">\n\t\t\t\t\t<ul class=\"elementor-icon-list-items elementor-inline-items\">\n\t\t\t\t\t\t\t<li class=\"elementor-icon-list-item elementor-inline-item\">\n\t\t\t\t\t\t\t\t\t\t\t<a href=\"https:\/\/pffa.com.br\/en\">\n\n\t\t\t\t\t\t\t\t\t\t\t<span class=\"elementor-icon-list-text\">Home<\/span>\n\t\t\t\t\t\t\t\t\t\t\t<\/a>\n\t\t\t\t\t\t\t\t\t<\/li>\n\t\t\t\t\t\t\t\t<li class=\"elementor-icon-list-item elementor-inline-item\">\n\t\t\t\t\t\t\t\t\t\t\t<span class=\"elementor-icon-list-icon\">\n\t\t\t\t\t\t\t<i aria-hidden=\"true\" class=\"arrow_carrot-right\"><\/i>\t\t\t\t\t\t<\/span>\n\t\t\t\t\t\t\t\t\t\t<span class=\"elementor-icon-list-text\">Direito Empresarial<\/span>\n\t\t\t\t\t\t\t\t\t<\/li>\n\t\t\t\t\t\t<\/ul>\n\t\t\t\t<\/div>\n\t\t\t\t<\/div>\n\t\t\t\t\t<\/div>\n\t\t\t\t<\/div>\n\t\t<div class=\"elementor-element elementor-element-54622d4 e-flex e-con-boxed e-con e-parent\" data-id=\"54622d4\" data-element_type=\"container\" data-settings=\"{&quot;jet_parallax_layout_list&quot;:[]}\">\n\t\t\t\t\t<div class=\"e-con-inner\">\n\t\t<div class=\"elementor-element elementor-element-e9da3ca e-con-full e-flex e-con e-child\" data-id=\"e9da3ca\" data-element_type=\"container\" data-settings=\"{&quot;jet_parallax_layout_list&quot;:[]}\">\n\t\t<div class=\"elementor-element elementor-element-d1371d9 e-con-full e-flex e-con e-child\" data-id=\"d1371d9\" data-element_type=\"container\" data-settings=\"{&quot;background_background&quot;:&quot;classic&quot;,&quot;jet_parallax_layout_list&quot;:[]}\">\n\t\t\t\t<\/div>\n\t\t<div class=\"elementor-element elementor-element-d3ea526 e-con-full e-flex e-con e-child\" data-id=\"d3ea526\" data-element_type=\"container\" data-settings=\"{&quot;jet_parallax_layout_list&quot;:[]}\">\n\t\t\t\t<div class=\"elementor-element elementor-element-3282e64 elementor-widget elementor-widget-heading\" data-id=\"3282e64\" data-element_type=\"widget\" data-widget_type=\"heading.default\">\n\t\t\t\t<div class=\"elementor-widget-container\">\n\t\t\t<h3 class=\"elementor-heading-title elementor-size-default\">Fal\u00eancias e Recupera\u00e7\u00e3o Judicial<\/h3>\t\t<\/div>\n\t\t\t\t<\/div>\n\t\t\t\t<div class=\"elementor-element elementor-element-f220027 elementor-widget elementor-widget-text-editor\" data-id=\"f220027\" data-element_type=\"widget\" data-widget_type=\"text-editor.default\">\n\t\t\t\t<div class=\"elementor-widget-container\">\n\t\t\t\t\t\t\t<div class=\"fusion-text fusion-text-2\"><p style=\"text-align: justify;\">Atuamos de forma estrat\u00e9gica em processos de fal\u00eancia e recupera\u00e7\u00e3o judicial, proporcionando assessoria jur\u00eddica completa para empresas em crise financeira, credores e investidores. Nosso foco \u00e9 a reestrutura\u00e7\u00e3o de passivos e a preserva\u00e7\u00e3o dos neg\u00f3cios, com solu\u00e7\u00f5es que visam minimizar os impactos da crise e maximizar a continuidade das atividades empresariais.<\/p><\/div>\t\t\t\t\t\t<\/div>\n\t\t\t\t<\/div>\n\t\t\t\t<div class=\"elementor-element elementor-element-a827b8d elementor-widget elementor-widget-heading\" data-id=\"a827b8d\" data-element_type=\"widget\" data-widget_type=\"heading.default\">\n\t\t\t\t<div class=\"elementor-widget-container\">\n\t\t\t<h3 class=\"elementor-heading-title elementor-size-default\">Aquisi\u00e7\u00f5es, Cis\u00f5es, Fus\u00f5es e Incorpora\u00e7\u00f5es de Empresas<\/h3>\t\t<\/div>\n\t\t\t\t<\/div>\n\t\t\t\t<div class=\"elementor-element elementor-element-e7c0e47 elementor-widget elementor-widget-text-editor\" data-id=\"e7c0e47\" data-element_type=\"widget\" data-widget_type=\"text-editor.default\">\n\t\t\t\t<div class=\"elementor-widget-container\">\n\t\t\t\t\t\t\t<div class=\"fusion-text fusion-text-2\"><p style=\"text-align: justify;\">Com expertise em opera\u00e7\u00f5es societ\u00e1rias complexas, assessoramos nossos clientes em todas as etapas de aquisi\u00e7\u00f5es, cis\u00f5es, fus\u00f5es e incorpora\u00e7\u00f5es. Desde a due diligence at\u00e9 a formaliza\u00e7\u00e3o do contrato, oferecemos suporte jur\u00eddico especializado para assegurar que as transa\u00e7\u00f5es sejam realizadas de forma segura e eficiente, com foco na maximiza\u00e7\u00e3o dos benef\u00edcios econ\u00f4micos e estrat\u00e9gicos.<\/p><\/div>\t\t\t\t\t\t<\/div>\n\t\t\t\t<\/div>\n\t\t\t\t<div class=\"elementor-element elementor-element-411dd27 elementor-widget elementor-widget-heading\" data-id=\"411dd27\" data-element_type=\"widget\" data-widget_type=\"heading.default\">\n\t\t\t\t<div class=\"elementor-widget-container\">\n\t\t\t<h3 class=\"elementor-heading-title elementor-size-default\">Contratos Mercantis<\/h3>\t\t<\/div>\n\t\t\t\t<\/div>\n\t\t\t\t<div class=\"elementor-element elementor-element-09b4105 elementor-widget elementor-widget-text-editor\" data-id=\"09b4105\" data-element_type=\"widget\" data-widget_type=\"text-editor.default\">\n\t\t\t\t<div class=\"elementor-widget-container\">\n\t\t\t\t\t\t\t<div class=\"fusion-text fusion-text-2\"><p style=\"text-align: justify;\">Elaboramos, analisamos e negociamos contratos mercantis de diversos tipos e complexidades. Nosso objetivo \u00e9 assegurar que os direitos e interesses de nossos clientes estejam devidamente protegidos, minimizando riscos e promovendo o cumprimento das obriga\u00e7\u00f5es contratuais no ambiente empresarial.<\/p><\/div>\t\t\t\t\t\t<\/div>\n\t\t\t\t<\/div>\n\t\t\t\t<\/div>\n\t\t\t\t<\/div>\n\t\t\t\t\t<\/div>\n\t\t\t\t<\/div>\n\t\t<div class=\"elementor-element elementor-element-983f091 e-flex e-con-boxed e-con e-parent\" data-id=\"983f091\" data-element_type=\"container\" data-settings=\"{&quot;jet_parallax_layout_list&quot;:[]}\">\n\t\t\t\t\t<div class=\"e-con-inner\">\n\t\t\t\t<div class=\"elementor-element elementor-element-ba09e4a elementor-widget elementor-widget-heading\" data-id=\"ba09e4a\" data-element_type=\"widget\" data-widget_type=\"heading.default\">\n\t\t\t\t<div class=\"elementor-widget-container\">\n\t\t\t<h3 class=\"elementor-heading-title elementor-size-default\">Consultoria Societ\u00e1ria<\/h3>\t\t<\/div>\n\t\t\t\t<\/div>\n\t\t\t\t<div class=\"elementor-element elementor-element-9e4ddd7 elementor-widget elementor-widget-text-editor\" data-id=\"9e4ddd7\" data-element_type=\"widget\" data-widget_type=\"text-editor.default\">\n\t\t\t\t<div class=\"elementor-widget-container\">\n\t\t\t\t\t\t\t<div class=\"fusion-text fusion-text-2\"><p style=\"text-align: justify;\">Prestamos consultoria jur\u00eddica completa em quest\u00f5es societ\u00e1rias, assessorando empresas na tomada de decis\u00f5es estrat\u00e9gicas, na elabora\u00e7\u00e3o de atos societ\u00e1rios e na solu\u00e7\u00e3o de conflitos entre s\u00f3cios. Nosso foco \u00e9 assegurar a conformidade com a legisla\u00e7\u00e3o vigente e o alinhamento dos interesses empresariais.<\/p><\/div>\t\t\t\t\t\t<\/div>\n\t\t\t\t<\/div>\n\t\t\t\t<div class=\"elementor-element elementor-element-fd56fde elementor-widget elementor-widget-heading\" data-id=\"fd56fde\" data-element_type=\"widget\" data-widget_type=\"heading.default\">\n\t\t\t\t<div class=\"elementor-widget-container\">\n\t\t\t<h3 class=\"elementor-heading-title elementor-size-default\">Transforma\u00e7\u00f5es e Constitui\u00e7\u00e3o de Holdings<\/h3>\t\t<\/div>\n\t\t\t\t<\/div>\n\t\t\t\t<div class=\"elementor-element elementor-element-878ef21 elementor-widget elementor-widget-text-editor\" data-id=\"878ef21\" data-element_type=\"widget\" data-widget_type=\"text-editor.default\">\n\t\t\t\t<div class=\"elementor-widget-container\">\n\t\t\t\t\t\t\t<div class=\"fusion-text fusion-text-2\"><p style=\"text-align: justify;\">Auxiliamos na cria\u00e7\u00e3o e transforma\u00e7\u00e3o de estruturas empresariais, incluindo a constitui\u00e7\u00e3o de holdings. Nossa consultoria \u00e9 voltada para a reestrutura\u00e7\u00e3o eficiente de neg\u00f3cios, otimiza\u00e7\u00e3o tribut\u00e1ria e prote\u00e7\u00e3o do patrim\u00f4nio familiar, com foco na governan\u00e7a e sustentabilidade das atividades empresariais.<\/p><\/div>\t\t\t\t\t\t<\/div>\n\t\t\t\t<\/div>\n\t\t\t\t<div class=\"elementor-element elementor-element-c490b9a elementor-widget elementor-widget-heading\" data-id=\"c490b9a\" data-element_type=\"widget\" data-widget_type=\"heading.default\">\n\t\t\t\t<div class=\"elementor-widget-container\">\n\t\t\t<h3 class=\"elementor-heading-title elementor-size-default\">Altera\u00e7\u00f5es de Regimes Societ\u00e1rios<\/h3>\t\t<\/div>\n\t\t\t\t<\/div>\n\t\t\t\t<div class=\"elementor-element elementor-element-02bf587 elementor-widget elementor-widget-text-editor\" data-id=\"02bf587\" data-element_type=\"widget\" data-widget_type=\"text-editor.default\">\n\t\t\t\t<div class=\"elementor-widget-container\">\n\t\t\t\t\t\t\t<div class=\"fusion-text fusion-text-2\"><p style=\"text-align: justify;\">Assessoramos na mudan\u00e7a de regimes societ\u00e1rios, ajustando a estrutura empresarial \u00e0s necessidades de crescimento e de mercado. Nosso time \u00e9 especializado em identificar e implementar o regime mais adequado para cada tipo de neg\u00f3cio, visando maximizar a efici\u00eancia jur\u00eddica e econ\u00f4mica da empresa.<\/p><\/div>\t\t\t\t\t\t<\/div>\n\t\t\t\t<\/div>\n\t\t\t\t<div class=\"elementor-element elementor-element-2aa92fd elementor-widget elementor-widget-heading\" data-id=\"2aa92fd\" data-element_type=\"widget\" data-widget_type=\"heading.default\">\n\t\t\t\t<div class=\"elementor-widget-container\">\n\t\t\t<h3 class=\"elementor-heading-title elementor-size-default\">Planejamento Sucess\u00f3rio e de Prote\u00e7\u00e3o Patrimonial<\/h3>\t\t<\/div>\n\t\t\t\t<\/div>\n\t\t\t\t<div class=\"elementor-element elementor-element-e29c443 elementor-widget elementor-widget-text-editor\" data-id=\"e29c443\" data-element_type=\"widget\" data-widget_type=\"text-editor.default\">\n\t\t\t\t<div class=\"elementor-widget-container\">\n\t\t\t\t\t\t\t<div class=\"fusion-text fusion-text-2\"><p style=\"text-align: justify;\">Desenvolvemos estrat\u00e9gias jur\u00eddicas para o planejamento sucess\u00f3rio, assegurando a prote\u00e7\u00e3o patrimonial e a continuidade dos neg\u00f3cios. Nossas solu\u00e7\u00f5es s\u00e3o personalizadas, alinhadas \u00e0s expectativas de cada cliente e \u00e0s melhores pr\u00e1ticas jur\u00eddicas, visando a preserva\u00e7\u00e3o do patrim\u00f4nio familiar e empresarial a longo prazo.<\/p><\/div>\t\t\t\t\t\t<\/div>\n\t\t\t\t<\/div>\n\t\t\t\t<div class=\"elementor-element elementor-element-f33ad51 elementor-widget elementor-widget-heading\" data-id=\"f33ad51\" data-element_type=\"widget\" data-widget_type=\"heading.default\">\n\t\t\t\t<div class=\"elementor-widget-container\">\n\t\t\t<h3 class=\"elementor-heading-title elementor-size-default\">Constitui\u00e7\u00e3o e Dissolu\u00e7\u00e3o de Sociedades<\/h3>\t\t<\/div>\n\t\t\t\t<\/div>\n\t\t\t\t<div class=\"elementor-element elementor-element-45e5be7 elementor-widget elementor-widget-text-editor\" data-id=\"45e5be7\" data-element_type=\"widget\" data-widget_type=\"text-editor.default\">\n\t\t\t\t<div class=\"elementor-widget-container\">\n\t\t\t\t\t\t\t<div class=\"fusion-text fusion-text-2\"><p style=\"text-align: justify;\">Oferecemos assessoria completa na constitui\u00e7\u00e3o e dissolu\u00e7\u00e3o de sociedades, orientando nossos clientes desde a escolha do tipo societ\u00e1rio mais adequado at\u00e9 a formaliza\u00e7\u00e3o do processo. Nosso objetivo \u00e9 assegurar que todos os procedimentos legais sejam cumpridos, mitigando riscos e promovendo uma transi\u00e7\u00e3o tranquila, seja na cria\u00e7\u00e3o de novos neg\u00f3cios ou na dissolu\u00e7\u00e3o de sociedades.<\/p><\/div>\t\t\t\t\t\t<\/div>\n\t\t\t\t<\/div>\n\t\t\t\t\t<\/div>\n\t\t\t\t<\/div>\n\t\t\t\t<\/div>","protected":false},"excerpt":{"rendered":"<p>Home Fal\u00eancias e Recupera\u00e7\u00e3o Judicial Atuamos de forma estrat\u00e9gica em processos de fal\u00eancia e recupera\u00e7\u00e3o judicial, proporcionando assessoria jur\u00eddica completa para empresas em crise financeira, credores e investidores. Nosso foco \u00e9 a reestrutura\u00e7\u00e3o de passivos e a preserva\u00e7\u00e3o dos neg\u00f3cios, com solu\u00e7\u00f5es que visam minimizar os impactos da crise e maximizar a continuidade das atividades [&hellip;]<\/p>","protected":false},"author":1,"featured_media":0,"parent":0,"menu_order":0,"comment_status":"closed","ping_status":"closed","template":"elementor_header_footer","meta":{"footnotes":""},"class_list":["post-957","page","type-page","status-publish","hentry"],"yoast_head":"<!-- This site is optimized with the Yoast SEO plugin v22.6 - https:\/\/yoast.com\/wordpress\/plugins\/seo\/ -->\n<title>Direito Empresarial - Ferr\u00e3o<\/title>\n<meta name=\"robots\" content=\"index, follow, max-snippet:-1, max-image-preview:large, max-video-preview:-1\" \/>\n<link rel=\"canonical\" href=\"https:\/\/pffa.com.br\/en\/direito-empresarial\/\" \/>\n<meta property=\"og:locale\" content=\"en_US\" \/>\n<meta property=\"og:type\" content=\"article\" \/>\n<meta property=\"og:title\" content=\"Direito Empresarial - Ferr\u00e3o\" \/>\n<meta property=\"og:description\" content=\"Home Fal\u00eancias e Recupera\u00e7\u00e3o Judicial Atuamos de forma estrat\u00e9gica em processos de fal\u00eancia e recupera\u00e7\u00e3o judicial, proporcionando assessoria jur\u00eddica completa para empresas em crise financeira, credores e investidores. Nosso foco \u00e9 a reestrutura\u00e7\u00e3o de passivos e a preserva\u00e7\u00e3o dos neg\u00f3cios, com solu\u00e7\u00f5es que visam minimizar os impactos da crise e maximizar a continuidade das atividades [&hellip;]\" \/>\n<meta property=\"og:url\" content=\"https:\/\/pffa.com.br\/en\/direito-empresarial\/\" \/>\n<meta property=\"og:site_name\" content=\"Ferr\u00e3o\" \/>\n<meta property=\"article:modified_time\" content=\"2024-10-16T19:39:58+00:00\" \/>\n<meta name=\"twitter:card\" content=\"summary_large_image\" \/>\n<meta name=\"twitter:label1\" content=\"Est. reading time\" \/>\n\t<meta name=\"twitter:data1\" content=\"2 minutes\" \/>\n<script type=\"application\/ld+json\" class=\"yoast-schema-graph\">{\"@context\":\"https:\/\/schema.org\",\"@graph\":[{\"@type\":\"WebPage\",\"@id\":\"https:\/\/pffa.com.br\/direito-empresarial\/\",\"url\":\"https:\/\/pffa.com.br\/direito-empresarial\/\",\"name\":\"Direito Empresarial - Ferr\u00e3o\",\"isPartOf\":{\"@id\":\"https:\/\/pffa.com.br\/#website\"},\"datePublished\":\"2024-10-02T14:22:39+00:00\",\"dateModified\":\"2024-10-16T19:39:58+00:00\",\"breadcrumb\":{\"@id\":\"https:\/\/pffa.com.br\/direito-empresarial\/#breadcrumb\"},\"inLanguage\":\"en-US\",\"potentialAction\":[{\"@type\":\"ReadAction\",\"target\":[\"https:\/\/pffa.com.br\/direito-empresarial\/\"]}]},{\"@type\":\"BreadcrumbList\",\"@id\":\"https:\/\/pffa.com.br\/direito-empresarial\/#breadcrumb\",\"itemListElement\":[{\"@type\":\"ListItem\",\"position\":1,\"name\":\"In\u00edcio\",\"item\":\"https:\/\/pffa.com.br\/\"},{\"@type\":\"ListItem\",\"position\":2,\"name\":\"Direito Empresarial\"}]},{\"@type\":\"WebSite\",\"@id\":\"https:\/\/pffa.com.br\/#website\",\"url\":\"https:\/\/pffa.com.br\/\",\"name\":\"Ferr\u00e3o\",\"description\":\"Ferr\u00e3o &amp; Ferr\u00e3o Advogados Associados\",\"potentialAction\":[{\"@type\":\"SearchAction\",\"target\":{\"@type\":\"EntryPoint\",\"urlTemplate\":\"https:\/\/pffa.com.br\/?s={search_term_string}\"},\"query-input\":\"required name=search_term_string\"}],\"inLanguage\":\"en-US\"}]}<\/script>\n<!-- \/ Yoast SEO plugin. -->","yoast_head_json":{"title":"Direito Empresarial - Ferr\u00e3o","robots":{"index":"index","follow":"follow","max-snippet":"max-snippet:-1","max-image-preview":"max-image-preview:large","max-video-preview":"max-video-preview:-1"},"canonical":"https:\/\/pffa.com.br\/en\/direito-empresarial\/","og_locale":"en_US","og_type":"article","og_title":"Direito Empresarial - Ferr\u00e3o","og_description":"Home Fal\u00eancias e Recupera\u00e7\u00e3o Judicial Atuamos de forma estrat\u00e9gica em processos de fal\u00eancia e recupera\u00e7\u00e3o judicial, proporcionando assessoria jur\u00eddica completa para empresas em crise financeira, credores e investidores. Nosso foco \u00e9 a reestrutura\u00e7\u00e3o de passivos e a preserva\u00e7\u00e3o dos neg\u00f3cios, com solu\u00e7\u00f5es que visam minimizar os impactos da crise e maximizar a continuidade das atividades [&hellip;]","og_url":"https:\/\/pffa.com.br\/en\/direito-empresarial\/","og_site_name":"Ferr\u00e3o","article_modified_time":"2024-10-16T19:39:58+00:00","twitter_card":"summary_large_image","twitter_misc":{"Est. reading time":"2 minutes"},"schema":{"@context":"https:\/\/schema.org","@graph":[{"@type":"WebPage","@id":"https:\/\/pffa.com.br\/direito-empresarial\/","url":"https:\/\/pffa.com.br\/direito-empresarial\/","name":"Direito Empresarial - Ferr\u00e3o","isPartOf":{"@id":"https:\/\/pffa.com.br\/#website"},"datePublished":"2024-10-02T14:22:39+00:00","dateModified":"2024-10-16T19:39:58+00:00","breadcrumb":{"@id":"https:\/\/pffa.com.br\/direito-empresarial\/#breadcrumb"},"inLanguage":"en-US","potentialAction":[{"@type":"ReadAction","target":["https:\/\/pffa.com.br\/direito-empresarial\/"]}]},{"@type":"BreadcrumbList","@id":"https:\/\/pffa.com.br\/direito-empresarial\/#breadcrumb","itemListElement":[{"@type":"ListItem","position":1,"name":"In\u00edcio","item":"https:\/\/pffa.com.br\/"},{"@type":"ListItem","position":2,"name":"Direito Empresarial"}]},{"@type":"WebSite","@id":"https:\/\/pffa.com.br\/#website","url":"https:\/\/pffa.com.br\/","name":"Ferr\u00e3o","description":"Ferr\u00e3o &amp; Ferr\u00e3o Advogados Associados","potentialAction":[{"@type":"SearchAction","target":{"@type":"EntryPoint","urlTemplate":"https:\/\/pffa.com.br\/?s={search_term_string}"},"query-input":"required name=search_term_string"}],"inLanguage":"en-US"}]}},"_links":{"self":[{"href":"https:\/\/pffa.com.br\/en\/wp-json\/wp\/v2\/pages\/957","targetHints":{"allow":["GET"]}}],"collection":[{"href":"https:\/\/pffa.com.br\/en\/wp-json\/wp\/v2\/pages"}],"about":[{"href":"https:\/\/pffa.com.br\/en\/wp-json\/wp\/v2\/types\/page"}],"author":[{"embeddable":true,"href":"https:\/\/pffa.com.br\/en\/wp-json\/wp\/v2\/users\/1"}],"replies":[{"embeddable":true,"href":"https:\/\/pffa.com.br\/en\/wp-json\/wp\/v2\/comments?post=957"}],"version-history":[{"count":16,"href":"https:\/\/pffa.com.br\/en\/wp-json\/wp\/v2\/pages\/957\/revisions"}],"predecessor-version":[{"id":1083,"href":"https:\/\/pffa.com.br\/en\/wp-json\/wp\/v2\/pages\/957\/revisions\/1083"}],"wp:attachment":[{"href":"https:\/\/pffa.com.br\/en\/wp-json\/wp\/v2\/media?parent=957"}],"curies":[{"name":"wp","href":"https:\/\/api.w.org\/{rel}","templated":true}]}}