{"id":962,"date":"2024-10-02T11:25:32","date_gmt":"2024-10-02T14:25:32","guid":{"rendered":"https:\/\/pffa.com.br\/?page_id=962"},"modified":"2024-10-23T19:17:51","modified_gmt":"2024-10-23T22:17:51","slug":"inteligencia-artificial","status":"publish","type":"page","link":"https:\/\/pffa.com.br\/en\/inteligencia-artificial\/","title":{"rendered":"Intelig\u00eancia Artificial"},"content":{"rendered":"<div data-elementor-type=\"wp-page\" data-elementor-id=\"962\" class=\"elementor elementor-962\" data-elementor-post-type=\"page\">\n\t\t\t\t<div class=\"elementor-element elementor-element-29c0e06 e-flex e-con-boxed e-con e-parent\" data-id=\"29c0e06\" data-element_type=\"container\" data-settings=\"{&quot;jet_parallax_layout_list&quot;:[]}\">\n\t\t\t\t\t<div class=\"e-con-inner\">\n\t\t\t\t<div class=\"elementor-element elementor-element-181d458 elementor-widget elementor-widget-heading\" data-id=\"181d458\" data-element_type=\"widget\" data-widget_type=\"heading.default\">\n\t\t\t\t<div class=\"elementor-widget-container\">\n\t\t\t<h2 class=\"elementor-heading-title elementor-size-default\">Intelig\u00eancia Artificial<\/h2>\t\t<\/div>\n\t\t\t\t<\/div>\n\t\t\t\t<div class=\"elementor-element elementor-element-67482e8 elementor-icon-list--layout-inline elementor-list-item-link-full_width elementor-widget elementor-widget-icon-list\" data-id=\"67482e8\" data-element_type=\"widget\" data-widget_type=\"icon-list.default\">\n\t\t\t\t<div class=\"elementor-widget-container\">\n\t\t\t\t\t<ul class=\"elementor-icon-list-items elementor-inline-items\">\n\t\t\t\t\t\t\t<li class=\"elementor-icon-list-item elementor-inline-item\">\n\t\t\t\t\t\t\t\t\t\t\t<a href=\"https:\/\/pffa.com.br\/en\">\n\n\t\t\t\t\t\t\t\t\t\t\t<span class=\"elementor-icon-list-text\">Home<\/span>\n\t\t\t\t\t\t\t\t\t\t\t<\/a>\n\t\t\t\t\t\t\t\t\t<\/li>\n\t\t\t\t\t\t\t\t<li class=\"elementor-icon-list-item elementor-inline-item\">\n\t\t\t\t\t\t\t\t\t\t\t<span class=\"elementor-icon-list-icon\">\n\t\t\t\t\t\t\t<i aria-hidden=\"true\" class=\"arrow_carrot-right\"><\/i>\t\t\t\t\t\t<\/span>\n\t\t\t\t\t\t\t\t\t\t<span class=\"elementor-icon-list-text\">Intelig\u00eancia Artificial<\/span>\n\t\t\t\t\t\t\t\t\t<\/li>\n\t\t\t\t\t\t<\/ul>\n\t\t\t\t<\/div>\n\t\t\t\t<\/div>\n\t\t\t\t\t<\/div>\n\t\t\t\t<\/div>\n\t\t<div class=\"elementor-element elementor-element-c6e0c3d e-flex e-con-boxed e-con e-parent\" data-id=\"c6e0c3d\" data-element_type=\"container\" data-settings=\"{&quot;jet_parallax_layout_list&quot;:[]}\">\n\t\t\t\t\t<div class=\"e-con-inner\">\n\t\t<div class=\"elementor-element elementor-element-06da958 e-con-full e-flex e-con e-child\" data-id=\"06da958\" data-element_type=\"container\" data-settings=\"{&quot;jet_parallax_layout_list&quot;:[],&quot;background_background&quot;:&quot;classic&quot;}\">\n\t\t\t\t<div class=\"elementor-element elementor-element-e1036e5 elementor-widget elementor-widget-image\" data-id=\"e1036e5\" data-element_type=\"widget\" data-widget_type=\"image.default\">\n\t\t\t\t<div class=\"elementor-widget-container\">\n\t\t\t\t\t\t\t\t\t\t\t\t\t<img fetchpriority=\"high\" decoding=\"async\" width=\"800\" height=\"800\" src=\"https:\/\/pffa.com.br\/wp-content\/uploads\/2024\/10\/Imagem-Inteligencia-Artificial-1024x1024.webp\" class=\"attachment-large size-large wp-image-1093\" alt=\"\" srcset=\"https:\/\/pffa.com.br\/wp-content\/uploads\/2024\/10\/Imagem-Inteligencia-Artificial-1024x1024.webp 1024w, https:\/\/pffa.com.br\/wp-content\/uploads\/2024\/10\/Imagem-Inteligencia-Artificial-300x300.webp 300w, https:\/\/pffa.com.br\/wp-content\/uploads\/2024\/10\/Imagem-Inteligencia-Artificial-150x150.webp 150w, https:\/\/pffa.com.br\/wp-content\/uploads\/2024\/10\/Imagem-Inteligencia-Artificial-768x768.webp 768w, https:\/\/pffa.com.br\/wp-content\/uploads\/2024\/10\/Imagem-Inteligencia-Artificial.webp 1080w\" sizes=\"(max-width: 800px) 100vw, 800px\" \/>\t\t\t\t\t\t\t\t\t\t\t\t\t<\/div>\n\t\t\t\t<\/div>\n\t\t\t\t<div class=\"elementor-element elementor-element-dd19ec6 elementor-hidden-tablet elementor-hidden-mobile elementor-widget elementor-widget-heading\" data-id=\"dd19ec6\" data-element_type=\"widget\" data-widget_type=\"heading.default\">\n\t\t\t\t<div class=\"elementor-widget-container\">\n\t\t\t<h3 class=\"elementor-heading-title elementor-size-default\">Em nosso compromisso cont\u00ednuo com a excel\u00eancia jur\u00eddica, estamos prontos para apoiar e orientar nossos clientes em cada fase de seus projetos de Intelig\u00eancia Artificial. Conte conosco para garantir uma jornada inovadora, \u00e9tica e legalmente s\u00f3lida.<\/h3>\t\t<\/div>\n\t\t\t\t<\/div>\n\t\t\t\t<\/div>\n\t\t<div class=\"elementor-element elementor-element-9446804 e-con-full e-flex e-con e-child\" data-id=\"9446804\" data-element_type=\"container\" data-settings=\"{&quot;jet_parallax_layout_list&quot;:[]}\">\n\t\t\t\t<div class=\"elementor-element elementor-element-df14834 elementor-widget elementor-widget-text-editor\" data-id=\"df14834\" data-element_type=\"widget\" data-widget_type=\"text-editor.default\">\n\t\t\t\t<div class=\"elementor-widget-container\">\n\t\t\t\t\t\t\t<div class=\"fusion-text fusion-text-2\"><p style=\"text-align: justify;\">Nosso escrit\u00f3rio destaca-se pela expertise no assessoramento jur\u00eddico em projetos envolvendo IA, abordando uma variedade de t\u00f3picos cruciais para o sucesso e conformidade legal dessas iniciativas.<\/p><\/div>\t\t\t\t\t\t<\/div>\n\t\t\t\t<\/div>\n\t\t\t\t<div class=\"elementor-element elementor-element-3dc1a63 elementor-widget elementor-widget-heading\" data-id=\"3dc1a63\" data-element_type=\"widget\" data-widget_type=\"heading.default\">\n\t\t\t\t<div class=\"elementor-widget-container\">\n\t\t\t<h4 class=\"elementor-heading-title elementor-size-default\">Avalia\u00e7\u00e3o Jur\u00eddica de Estrat\u00e9gias e Governan\u00e7a em Projetos de Intelig\u00eancia Artificial:<\/h4>\t\t<\/div>\n\t\t\t\t<\/div>\n\t\t\t\t<div class=\"elementor-element elementor-element-f4d0d78 elementor-widget elementor-widget-text-editor\" data-id=\"f4d0d78\" data-element_type=\"widget\" data-widget_type=\"text-editor.default\">\n\t\t\t\t<div class=\"elementor-widget-container\">\n\t\t\t\t\t\t\t<p style=\"text-align: justify;\">Realizamos uma an\u00e1lise aprofundada e abrangente das estrat\u00e9gias e governan\u00e7a adotadas em projetos que envolvem Intelig\u00eancia Artificial, garantindo a conformidade legal em todas as fases do processo e mitiga\u00e7\u00e3o de poss\u00edveis riscos.<\/p>\t\t\t\t\t\t<\/div>\n\t\t\t\t<\/div>\n\t\t\t\t<div class=\"elementor-element elementor-element-ba5fd53 elementor-widget elementor-widget-heading\" data-id=\"ba5fd53\" data-element_type=\"widget\" data-widget_type=\"heading.default\">\n\t\t\t\t<div class=\"elementor-widget-container\">\n\t\t\t<h4 class=\"elementor-heading-title elementor-size-default\">Avalia\u00e7\u00e3o de Riscos e Viabilidade Legal:<\/h4>\t\t<\/div>\n\t\t\t\t<\/div>\n\t\t\t\t<div class=\"elementor-element elementor-element-b47b60d elementor-widget elementor-widget-text-editor\" data-id=\"b47b60d\" data-element_type=\"widget\" data-widget_type=\"text-editor.default\">\n\t\t\t\t<div class=\"elementor-widget-container\">\n\t\t\t\t\t\t\t<p style=\"text-align: justify;\">Oferecemos uma avalia\u00e7\u00e3o completa da viabilidade legal para a execu\u00e7\u00e3o de projetos de IA, considerando aspectos regulat\u00f3rios, de privacidade, seguran\u00e7a e \u00e9tica.<\/p>\t\t\t\t\t\t<\/div>\n\t\t\t\t<\/div>\n\t\t\t\t<div class=\"elementor-element elementor-element-f67d4c0 elementor-widget elementor-widget-heading\" data-id=\"f67d4c0\" data-element_type=\"widget\" data-widget_type=\"heading.default\">\n\t\t\t\t<div class=\"elementor-widget-container\">\n\t\t\t<h4 class=\"elementor-heading-title elementor-size-default\">Salvaguarda da Propriedade Intelectual:<\/h4>\t\t<\/div>\n\t\t\t\t<\/div>\n\t\t\t\t<div class=\"elementor-element elementor-element-f9bb00a elementor-widget elementor-widget-text-editor\" data-id=\"f9bb00a\" data-element_type=\"widget\" data-widget_type=\"text-editor.default\">\n\t\t\t\t<div class=\"elementor-widget-container\">\n\t\t\t\t\t\t\t<p style=\"text-align: justify;\">Priorizamos a prote\u00e7\u00e3o da propriedade intelectual relacionada \u00e0 Intelig\u00eancia Artificial, oferecendo solu\u00e7\u00f5es legais robustas para resguardar inova\u00e7\u00f5es e tecnologias desenvolvidas.<\/p>\t\t\t\t\t\t<\/div>\n\t\t\t\t<\/div>\n\t\t\t\t<div class=\"elementor-element elementor-element-302b0c7 elementor-widget elementor-widget-heading\" data-id=\"302b0c7\" data-element_type=\"widget\" data-widget_type=\"heading.default\">\n\t\t\t\t<div class=\"elementor-widget-container\">\n\t\t\t<h4 class=\"elementor-heading-title elementor-size-default\">Auditoria de Algoritmos e Chatbots:<\/h4>\t\t<\/div>\n\t\t\t\t<\/div>\n\t\t\t\t<div class=\"elementor-element elementor-element-246d21a elementor-widget elementor-widget-text-editor\" data-id=\"246d21a\" data-element_type=\"widget\" data-widget_type=\"text-editor.default\">\n\t\t\t\t<div class=\"elementor-widget-container\">\n\t\t\t\t\t\t\t<p style=\"text-align: justify;\">Realizamos auditorias especializadas para verificar algoritmos e chatbots, assegurando a conformidade com normas legais e identificando poss\u00edveis \u00e1reas de aprimoramento.<\/p>\t\t\t\t\t\t<\/div>\n\t\t\t\t<\/div>\n\t\t\t\t<div class=\"elementor-element elementor-element-ebcd3d9 elementor-widget elementor-widget-heading\" data-id=\"ebcd3d9\" data-element_type=\"widget\" data-widget_type=\"heading.default\">\n\t\t\t\t<div class=\"elementor-widget-container\">\n\t\t\t<h4 class=\"elementor-heading-title elementor-size-default\">Estudos e Pareceres sobre Impactos Regulat\u00f3rios:<\/h4>\t\t<\/div>\n\t\t\t\t<\/div>\n\t\t\t\t<div class=\"elementor-element elementor-element-543d56b elementor-widget elementor-widget-text-editor\" data-id=\"543d56b\" data-element_type=\"widget\" data-widget_type=\"text-editor.default\">\n\t\t\t\t<div class=\"elementor-widget-container\">\n\t\t\t\t\t\t\t<p style=\"text-align: justify;\">Realizamos estudos e emitimos pareceres abalizados sobre os impactos regulat\u00f3rios do desenvolvimento e implementa\u00e7\u00e3o de sistemas de IA, mantendo nossos clientes informados e preparados para as exig\u00eancias legais.<\/p>\t\t\t\t\t\t<\/div>\n\t\t\t\t<\/div>\n\t\t\t\t<div class=\"elementor-element elementor-element-679f2f9 elementor-widget elementor-widget-heading\" data-id=\"679f2f9\" data-element_type=\"widget\" data-widget_type=\"heading.default\">\n\t\t\t\t<div class=\"elementor-widget-container\">\n\t\t\t<h4 class=\"elementor-heading-title elementor-size-default\">Desenvolvimento de C\u00f3digos de \u00c9tica, Contratos e Pol\u00edticas:<\/h4>\t\t<\/div>\n\t\t\t\t<\/div>\n\t\t\t\t<div class=\"elementor-element elementor-element-e50243e elementor-widget elementor-widget-text-editor\" data-id=\"e50243e\" data-element_type=\"widget\" data-widget_type=\"text-editor.default\">\n\t\t\t\t<div class=\"elementor-widget-container\">\n\t\t\t\t\t\t\t<p style=\"text-align: justify;\">Contribu\u00edmos para o desenvolvimento de C\u00f3digos de \u00c9tica, Contratos e Pol\u00edticas espec\u00edficos, alinhados \u00e0 implementa\u00e7\u00e3o respons\u00e1vel e \u00e9tica de projetos de Intelig\u00eancia Artificial.<\/p>\t\t\t\t\t\t<\/div>\n\t\t\t\t<\/div>\n\t\t\t\t<div class=\"elementor-element elementor-element-a64a555 elementor-widget elementor-widget-heading\" data-id=\"a64a555\" data-element_type=\"widget\" data-widget_type=\"heading.default\">\n\t\t\t\t<div class=\"elementor-widget-container\">\n\t\t\t<h4 class=\"elementor-heading-title elementor-size-default\">Promo\u00e7\u00e3o de Conscientiza\u00e7\u00e3o e Treinamentos:<\/h4>\t\t<\/div>\n\t\t\t\t<\/div>\n\t\t\t\t<div class=\"elementor-element elementor-element-2fb08b0 elementor-widget elementor-widget-text-editor\" data-id=\"2fb08b0\" data-element_type=\"widget\" data-widget_type=\"text-editor.default\">\n\t\t\t\t<div class=\"elementor-widget-container\">\n\t\t\t\t\t\t\t<p style=\"text-align: justify;\">Atuamos na promo\u00e7\u00e3o de conscientiza\u00e7\u00e3o e oferecemos treinamentos especializados por meio de workshops e eventos corporativos, capacitando equipes a compreenderem as complexidades legais associadas \u00e0 IA.<\/p>\t\t\t\t\t\t<\/div>\n\t\t\t\t<\/div>\n\t\t\t\t<\/div>\n\t\t\t\t\t<\/div>\n\t\t\t\t<\/div>\n\t\t\t\t<\/div>","protected":false},"excerpt":{"rendered":"<p>Home Em nosso compromisso cont\u00ednuo com a excel\u00eancia jur\u00eddica, estamos prontos para apoiar e orientar nossos clientes em cada fase de seus projetos de Intelig\u00eancia Artificial. Conte conosco para garantir uma jornada inovadora, \u00e9tica e legalmente s\u00f3lida. Nosso escrit\u00f3rio destaca-se pela expertise no assessoramento jur\u00eddico em projetos envolvendo IA, abordando uma variedade de t\u00f3picos cruciais [&hellip;]<\/p>","protected":false},"author":1,"featured_media":0,"parent":0,"menu_order":0,"comment_status":"closed","ping_status":"closed","template":"elementor_header_footer","meta":{"footnotes":""},"class_list":["post-962","page","type-page","status-publish","hentry"],"yoast_head":"<!-- This site is optimized with the Yoast SEO plugin v22.6 - https:\/\/yoast.com\/wordpress\/plugins\/seo\/ -->\n<title>Intelig\u00eancia Artificial - Ferr\u00e3o<\/title>\n<meta name=\"robots\" content=\"index, follow, max-snippet:-1, max-image-preview:large, max-video-preview:-1\" \/>\n<link rel=\"canonical\" href=\"https:\/\/pffa.com.br\/en\/inteligencia-artificial\/\" \/>\n<meta property=\"og:locale\" content=\"en_US\" \/>\n<meta property=\"og:type\" content=\"article\" \/>\n<meta property=\"og:title\" content=\"Intelig\u00eancia Artificial - Ferr\u00e3o\" \/>\n<meta property=\"og:description\" content=\"Home Em nosso compromisso cont\u00ednuo com a excel\u00eancia jur\u00eddica, estamos prontos para apoiar e orientar nossos clientes em cada fase de seus projetos de Intelig\u00eancia Artificial. Conte conosco para garantir uma jornada inovadora, \u00e9tica e legalmente s\u00f3lida. Nosso escrit\u00f3rio destaca-se pela expertise no assessoramento jur\u00eddico em projetos envolvendo IA, abordando uma variedade de t\u00f3picos cruciais [&hellip;]\" \/>\n<meta property=\"og:url\" content=\"https:\/\/pffa.com.br\/en\/inteligencia-artificial\/\" \/>\n<meta property=\"og:site_name\" content=\"Ferr\u00e3o\" \/>\n<meta property=\"article:modified_time\" content=\"2024-10-23T22:17:51+00:00\" \/>\n<meta property=\"og:image\" content=\"https:\/\/pffa.com.br\/wp-content\/uploads\/2024\/10\/Imagem-Inteligencia-Artificial-1024x1024.webp\" \/>\n<meta name=\"twitter:card\" content=\"summary_large_image\" \/>\n<meta name=\"twitter:label1\" content=\"Est. reading time\" \/>\n\t<meta name=\"twitter:data1\" content=\"2 minutes\" \/>\n<script type=\"application\/ld+json\" class=\"yoast-schema-graph\">{\"@context\":\"https:\/\/schema.org\",\"@graph\":[{\"@type\":\"WebPage\",\"@id\":\"https:\/\/pffa.com.br\/inteligencia-artificial\/\",\"url\":\"https:\/\/pffa.com.br\/inteligencia-artificial\/\",\"name\":\"Intelig\u00eancia Artificial - Ferr\u00e3o\",\"isPartOf\":{\"@id\":\"https:\/\/pffa.com.br\/#website\"},\"primaryImageOfPage\":{\"@id\":\"https:\/\/pffa.com.br\/inteligencia-artificial\/#primaryimage\"},\"image\":{\"@id\":\"https:\/\/pffa.com.br\/inteligencia-artificial\/#primaryimage\"},\"thumbnailUrl\":\"https:\/\/pffa.com.br\/wp-content\/uploads\/2024\/10\/Imagem-Inteligencia-Artificial-1024x1024.webp\",\"datePublished\":\"2024-10-02T14:25:32+00:00\",\"dateModified\":\"2024-10-23T22:17:51+00:00\",\"breadcrumb\":{\"@id\":\"https:\/\/pffa.com.br\/inteligencia-artificial\/#breadcrumb\"},\"inLanguage\":\"en-US\",\"potentialAction\":[{\"@type\":\"ReadAction\",\"target\":[\"https:\/\/pffa.com.br\/inteligencia-artificial\/\"]}]},{\"@type\":\"ImageObject\",\"inLanguage\":\"en-US\",\"@id\":\"https:\/\/pffa.com.br\/inteligencia-artificial\/#primaryimage\",\"url\":\"https:\/\/pffa.com.br\/wp-content\/uploads\/2024\/10\/Imagem-Inteligencia-Artificial-1024x1024.webp\",\"contentUrl\":\"https:\/\/pffa.com.br\/wp-content\/uploads\/2024\/10\/Imagem-Inteligencia-Artificial-1024x1024.webp\"},{\"@type\":\"BreadcrumbList\",\"@id\":\"https:\/\/pffa.com.br\/inteligencia-artificial\/#breadcrumb\",\"itemListElement\":[{\"@type\":\"ListItem\",\"position\":1,\"name\":\"In\u00edcio\",\"item\":\"https:\/\/pffa.com.br\/\"},{\"@type\":\"ListItem\",\"position\":2,\"name\":\"Intelig\u00eancia Artificial\"}]},{\"@type\":\"WebSite\",\"@id\":\"https:\/\/pffa.com.br\/#website\",\"url\":\"https:\/\/pffa.com.br\/\",\"name\":\"Ferr\u00e3o\",\"description\":\"Ferr\u00e3o &amp; Ferr\u00e3o Advogados Associados\",\"potentialAction\":[{\"@type\":\"SearchAction\",\"target\":{\"@type\":\"EntryPoint\",\"urlTemplate\":\"https:\/\/pffa.com.br\/?s={search_term_string}\"},\"query-input\":\"required name=search_term_string\"}],\"inLanguage\":\"en-US\"}]}<\/script>\n<!-- \/ Yoast SEO plugin. -->","yoast_head_json":{"title":"Intelig\u00eancia Artificial - Ferr\u00e3o","robots":{"index":"index","follow":"follow","max-snippet":"max-snippet:-1","max-image-preview":"max-image-preview:large","max-video-preview":"max-video-preview:-1"},"canonical":"https:\/\/pffa.com.br\/en\/inteligencia-artificial\/","og_locale":"en_US","og_type":"article","og_title":"Intelig\u00eancia Artificial - Ferr\u00e3o","og_description":"Home Em nosso compromisso cont\u00ednuo com a excel\u00eancia jur\u00eddica, estamos prontos para apoiar e orientar nossos clientes em cada fase de seus projetos de Intelig\u00eancia Artificial. Conte conosco para garantir uma jornada inovadora, \u00e9tica e legalmente s\u00f3lida. Nosso escrit\u00f3rio destaca-se pela expertise no assessoramento jur\u00eddico em projetos envolvendo IA, abordando uma variedade de t\u00f3picos cruciais [&hellip;]","og_url":"https:\/\/pffa.com.br\/en\/inteligencia-artificial\/","og_site_name":"Ferr\u00e3o","article_modified_time":"2024-10-23T22:17:51+00:00","og_image":[{"url":"https:\/\/pffa.com.br\/wp-content\/uploads\/2024\/10\/Imagem-Inteligencia-Artificial-1024x1024.webp"}],"twitter_card":"summary_large_image","twitter_misc":{"Est. reading time":"2 minutes"},"schema":{"@context":"https:\/\/schema.org","@graph":[{"@type":"WebPage","@id":"https:\/\/pffa.com.br\/inteligencia-artificial\/","url":"https:\/\/pffa.com.br\/inteligencia-artificial\/","name":"Intelig\u00eancia Artificial - Ferr\u00e3o","isPartOf":{"@id":"https:\/\/pffa.com.br\/#website"},"primaryImageOfPage":{"@id":"https:\/\/pffa.com.br\/inteligencia-artificial\/#primaryimage"},"image":{"@id":"https:\/\/pffa.com.br\/inteligencia-artificial\/#primaryimage"},"thumbnailUrl":"https:\/\/pffa.com.br\/wp-content\/uploads\/2024\/10\/Imagem-Inteligencia-Artificial-1024x1024.webp","datePublished":"2024-10-02T14:25:32+00:00","dateModified":"2024-10-23T22:17:51+00:00","breadcrumb":{"@id":"https:\/\/pffa.com.br\/inteligencia-artificial\/#breadcrumb"},"inLanguage":"en-US","potentialAction":[{"@type":"ReadAction","target":["https:\/\/pffa.com.br\/inteligencia-artificial\/"]}]},{"@type":"ImageObject","inLanguage":"en-US","@id":"https:\/\/pffa.com.br\/inteligencia-artificial\/#primaryimage","url":"https:\/\/pffa.com.br\/wp-content\/uploads\/2024\/10\/Imagem-Inteligencia-Artificial-1024x1024.webp","contentUrl":"https:\/\/pffa.com.br\/wp-content\/uploads\/2024\/10\/Imagem-Inteligencia-Artificial-1024x1024.webp"},{"@type":"BreadcrumbList","@id":"https:\/\/pffa.com.br\/inteligencia-artificial\/#breadcrumb","itemListElement":[{"@type":"ListItem","position":1,"name":"In\u00edcio","item":"https:\/\/pffa.com.br\/"},{"@type":"ListItem","position":2,"name":"Intelig\u00eancia Artificial"}]},{"@type":"WebSite","@id":"https:\/\/pffa.com.br\/#website","url":"https:\/\/pffa.com.br\/","name":"Ferr\u00e3o","description":"Ferr\u00e3o &amp; Ferr\u00e3o Advogados Associados","potentialAction":[{"@type":"SearchAction","target":{"@type":"EntryPoint","urlTemplate":"https:\/\/pffa.com.br\/?s={search_term_string}"},"query-input":"required name=search_term_string"}],"inLanguage":"en-US"}]}},"_links":{"self":[{"href":"https:\/\/pffa.com.br\/en\/wp-json\/wp\/v2\/pages\/962","targetHints":{"allow":["GET"]}}],"collection":[{"href":"https:\/\/pffa.com.br\/en\/wp-json\/wp\/v2\/pages"}],"about":[{"href":"https:\/\/pffa.com.br\/en\/wp-json\/wp\/v2\/types\/page"}],"author":[{"embeddable":true,"href":"https:\/\/pffa.com.br\/en\/wp-json\/wp\/v2\/users\/1"}],"replies":[{"embeddable":true,"href":"https:\/\/pffa.com.br\/en\/wp-json\/wp\/v2\/comments?post=962"}],"version-history":[{"count":13,"href":"https:\/\/pffa.com.br\/en\/wp-json\/wp\/v2\/pages\/962\/revisions"}],"predecessor-version":[{"id":1340,"href":"https:\/\/pffa.com.br\/en\/wp-json\/wp\/v2\/pages\/962\/revisions\/1340"}],"wp:attachment":[{"href":"https:\/\/pffa.com.br\/en\/wp-json\/wp\/v2\/media?parent=962"}],"curies":[{"name":"wp","href":"https:\/\/api.w.org\/{rel}","templated":true}]}}