{"id":967,"date":"2024-10-02T11:29:32","date_gmt":"2024-10-02T14:29:32","guid":{"rendered":"https:\/\/pffa.com.br\/?page_id=967"},"modified":"2024-10-23T19:15:58","modified_gmt":"2024-10-23T22:15:58","slug":"contratos-empresariais","status":"publish","type":"page","link":"https:\/\/pffa.com.br\/en\/contratos-empresariais\/","title":{"rendered":"Contratos Empresariais"},"content":{"rendered":"<div data-elementor-type=\"wp-page\" data-elementor-id=\"967\" class=\"elementor elementor-967\" data-elementor-post-type=\"page\">\n\t\t\t\t<div class=\"elementor-element elementor-element-29c0e06 e-flex e-con-boxed e-con e-parent\" data-id=\"29c0e06\" data-element_type=\"container\" data-settings=\"{&quot;jet_parallax_layout_list&quot;:[]}\">\n\t\t\t\t\t<div class=\"e-con-inner\">\n\t\t\t\t<div class=\"elementor-element elementor-element-181d458 elementor-widget elementor-widget-heading\" data-id=\"181d458\" data-element_type=\"widget\" data-widget_type=\"heading.default\">\n\t\t\t\t<div class=\"elementor-widget-container\">\n\t\t\t<h2 class=\"elementor-heading-title elementor-size-default\">Contratos Empresariais<\/h2>\t\t<\/div>\n\t\t\t\t<\/div>\n\t\t\t\t<div class=\"elementor-element elementor-element-67482e8 elementor-icon-list--layout-inline elementor-list-item-link-full_width elementor-widget elementor-widget-icon-list\" data-id=\"67482e8\" data-element_type=\"widget\" data-widget_type=\"icon-list.default\">\n\t\t\t\t<div class=\"elementor-widget-container\">\n\t\t\t\t\t<ul class=\"elementor-icon-list-items elementor-inline-items\">\n\t\t\t\t\t\t\t<li class=\"elementor-icon-list-item elementor-inline-item\">\n\t\t\t\t\t\t\t\t\t\t\t<a href=\"https:\/\/pffa.com.br\/en\">\n\n\t\t\t\t\t\t\t\t\t\t\t<span class=\"elementor-icon-list-text\">Home<\/span>\n\t\t\t\t\t\t\t\t\t\t\t<\/a>\n\t\t\t\t\t\t\t\t\t<\/li>\n\t\t\t\t\t\t\t\t<li class=\"elementor-icon-list-item elementor-inline-item\">\n\t\t\t\t\t\t\t\t\t\t\t<span class=\"elementor-icon-list-icon\">\n\t\t\t\t\t\t\t<i aria-hidden=\"true\" class=\"arrow_carrot-right\"><\/i>\t\t\t\t\t\t<\/span>\n\t\t\t\t\t\t\t\t\t\t<span class=\"elementor-icon-list-text\">Contratos Empresariais<\/span>\n\t\t\t\t\t\t\t\t\t<\/li>\n\t\t\t\t\t\t<\/ul>\n\t\t\t\t<\/div>\n\t\t\t\t<\/div>\n\t\t\t\t\t<\/div>\n\t\t\t\t<\/div>\n\t\t<div class=\"elementor-element elementor-element-c6e0c3d e-flex e-con-boxed e-con e-parent\" data-id=\"c6e0c3d\" data-element_type=\"container\" data-settings=\"{&quot;jet_parallax_layout_list&quot;:[]}\">\n\t\t\t\t\t<div class=\"e-con-inner\">\n\t\t<div class=\"elementor-element elementor-element-06da958 e-con-full e-flex e-con e-child\" data-id=\"06da958\" data-element_type=\"container\" data-settings=\"{&quot;jet_parallax_layout_list&quot;:[],&quot;background_background&quot;:&quot;classic&quot;}\">\n\t\t\t\t<\/div>\n\t\t<div class=\"elementor-element elementor-element-9446804 e-con-full e-flex e-con e-child\" data-id=\"9446804\" data-element_type=\"container\" data-settings=\"{&quot;jet_parallax_layout_list&quot;:[]}\">\n\t\t\t\t<div class=\"elementor-element elementor-element-df14834 elementor-widget elementor-widget-text-editor\" data-id=\"df14834\" data-element_type=\"widget\" data-widget_type=\"text-editor.default\">\n\t\t\t\t<div class=\"elementor-widget-container\">\n\t\t\t\t\t\t\t<div class=\"fusion-layout-column fusion_builder_column fusion-builder-column-1 fusion_builder_column_1_1 1_1 fusion-flex-column\"><div class=\"fusion-column-wrapper fusion-column-has-shadow fusion-flex-justify-content-flex-start fusion-content-layout-column\"><div class=\"fusion-text fusion-text-2\"><p style=\"text-align: justify;\">O escrit\u00f3rio ainda oferece uma gama abrangente de servi\u00e7os especializados em Contratos Empresariais, abordando diversas facetas do ambiente empresarial. Nossa atua\u00e7\u00e3o compreende:<\/p><\/div><\/div><\/div>\t\t\t\t\t\t<\/div>\n\t\t\t\t<\/div>\n\t\t\t\t<div class=\"elementor-element elementor-element-c4dcabc elementor-widget elementor-widget-heading\" data-id=\"c4dcabc\" data-element_type=\"widget\" data-widget_type=\"heading.default\">\n\t\t\t\t<div class=\"elementor-widget-container\">\n\t\t\t<h4 class=\"elementor-heading-title elementor-size-default\">Estrutura\u00e7\u00e3o e Revis\u00e3o de Contratos Empresariais e Acordos Comerciais:<\/h4>\t\t<\/div>\n\t\t\t\t<\/div>\n\t\t\t\t<div class=\"elementor-element elementor-element-8ce54b2 elementor-widget elementor-widget-text-editor\" data-id=\"8ce54b2\" data-element_type=\"widget\" data-widget_type=\"text-editor.default\">\n\t\t\t\t<div class=\"elementor-widget-container\">\n\t\t\t\t\t\t\t<p style=\"text-align: justify;\">Expertise na estrutura\u00e7\u00e3o, revis\u00e3o e negocia\u00e7\u00e3o de contratos e acordos comerciais, abrangendo setores regulados da economia.<\/p>\t\t\t\t\t\t<\/div>\n\t\t\t\t<\/div>\n\t\t\t\t<div class=\"elementor-element elementor-element-1adc893 elementor-widget elementor-widget-heading\" data-id=\"1adc893\" data-element_type=\"widget\" data-widget_type=\"heading.default\">\n\t\t\t\t<div class=\"elementor-widget-container\">\n\t\t\t<h4 class=\"elementor-heading-title elementor-size-default\">Assist\u00eancia na Gest\u00e3o de Rela\u00e7\u00f5es Contratuais:<\/h4>\t\t<\/div>\n\t\t\t\t<\/div>\n\t\t\t\t<div class=\"elementor-element elementor-element-ad04d36 elementor-widget elementor-widget-text-editor\" data-id=\"ad04d36\" data-element_type=\"widget\" data-widget_type=\"text-editor.default\">\n\t\t\t\t<div class=\"elementor-widget-container\">\n\t\t\t\t\t\t\t<p style=\"text-align: justify;\">Suporte na gest\u00e3o de rela\u00e7\u00f5es contratuais, incluindo treinamento de equipes internas e estrutura\u00e7\u00e3o de pol\u00edticas comerciais.<\/p>\t\t\t\t\t\t<\/div>\n\t\t\t\t<\/div>\n\t\t\t\t<div class=\"elementor-element elementor-element-e747ba1 elementor-widget elementor-widget-heading\" data-id=\"e747ba1\" data-element_type=\"widget\" data-widget_type=\"heading.default\">\n\t\t\t\t<div class=\"elementor-widget-container\">\n\t\t\t<h4 class=\"elementor-heading-title elementor-size-default\">Estrat\u00e9gias para Venda e Compra:<\/h4>\t\t<\/div>\n\t\t\t\t<\/div>\n\t\t\t\t<div class=\"elementor-element elementor-element-b5ff5da elementor-widget elementor-widget-text-editor\" data-id=\"b5ff5da\" data-element_type=\"widget\" data-widget_type=\"text-editor.default\">\n\t\t\t\t<div class=\"elementor-widget-container\">\n\t\t\t\t\t\t\t<p style=\"text-align: justify;\">Experi\u00eancia na estrutura\u00e7\u00e3o ou reestrutura\u00e7\u00e3o de opera\u00e7\u00f5es de venda e compra, abrangendo diversos setores e naturezas de transa\u00e7\u00f5es.<\/p>\t\t\t\t\t\t<\/div>\n\t\t\t\t<\/div>\n\t\t\t\t<div class=\"elementor-element elementor-element-76be3cf elementor-widget elementor-widget-heading\" data-id=\"76be3cf\" data-element_type=\"widget\" data-widget_type=\"heading.default\">\n\t\t\t\t<div class=\"elementor-widget-container\">\n\t\t\t<h4 class=\"elementor-heading-title elementor-size-default\">Opera\u00e7\u00f5es Espec\u00edficas:<\/h4>\t\t<\/div>\n\t\t\t\t<\/div>\n\t\t\t\t<div class=\"elementor-element elementor-element-5f51263 elementor-widget elementor-widget-text-editor\" data-id=\"5f51263\" data-element_type=\"widget\" data-widget_type=\"text-editor.default\">\n\t\t\t\t<div class=\"elementor-widget-container\">\n\t\t\t\t\t\t\t<p style=\"text-align: justify;\">Destaque na expertise para contratos de distribui\u00e7\u00e3o, fornecimento, log\u00edstica, tecnologia, compras de indiretos, patroc\u00ednio, automa\u00e7\u00e3o industrial, desenvolvimento de solu\u00e7\u00f5es tecnol\u00f3gicas e opera\u00e7\u00f5es imobili\u00e1rias.<\/p>\t\t\t\t\t\t<\/div>\n\t\t\t\t<\/div>\n\t\t\t\t<div class=\"elementor-element elementor-element-47d6da7 elementor-widget elementor-widget-heading\" data-id=\"47d6da7\" data-element_type=\"widget\" data-widget_type=\"heading.default\">\n\t\t\t\t<div class=\"elementor-widget-container\">\n\t\t\t<h4 class=\"elementor-heading-title elementor-size-default\">Administra\u00e7\u00e3o e Expans\u00e3o de Canais de Venda e Redes de Varejo:<\/h4>\t\t<\/div>\n\t\t\t\t<\/div>\n\t\t\t\t<div class=\"elementor-element elementor-element-18336e9 elementor-widget elementor-widget-text-editor\" data-id=\"18336e9\" data-element_type=\"widget\" data-widget_type=\"text-editor.default\">\n\t\t\t\t<div class=\"elementor-widget-container\">\n\t\t\t\t\t\t\t<p style=\"text-align: justify;\">Atua\u00e7\u00e3o na estrutura\u00e7\u00e3o, administra\u00e7\u00e3o e expans\u00e3o de canais de venda e redes de varejo, incluindo parcerias comerciais, redes de distribui\u00e7\u00e3o, contratos de fabrica\u00e7\u00e3o com licenciamento de marca, contratos de intermedia\u00e7\u00e3o (ag\u00eancia e representa\u00e7\u00e3o comercial) e franquias.<\/p>\t\t\t\t\t\t<\/div>\n\t\t\t\t<\/div>\n\t\t\t\t<div class=\"elementor-element elementor-element-52990a1 elementor-widget elementor-widget-heading\" data-id=\"52990a1\" data-element_type=\"widget\" data-widget_type=\"heading.default\">\n\t\t\t\t<div class=\"elementor-widget-container\">\n\t\t\t<h4 class=\"elementor-heading-title elementor-size-default\">Contratos Online:<\/h4>\t\t<\/div>\n\t\t\t\t<\/div>\n\t\t\t\t<div class=\"elementor-element elementor-element-add4045 elementor-widget elementor-widget-text-editor\" data-id=\"add4045\" data-element_type=\"widget\" data-widget_type=\"text-editor.default\">\n\t\t\t\t<div class=\"elementor-widget-container\">\n\t\t\t\t\t\t\t<p style=\"text-align: justify;\">Especializa\u00e7\u00e3o em contratos online, cobrindo aspectos espec\u00edficos de e-commerce e marketplace.<\/p>\t\t\t\t\t\t<\/div>\n\t\t\t\t<\/div>\n\t\t\t\t<div class=\"elementor-element elementor-element-fc11c04 elementor-widget elementor-widget-heading\" data-id=\"fc11c04\" data-element_type=\"widget\" data-widget_type=\"heading.default\">\n\t\t\t\t<div class=\"elementor-widget-container\">\n\t\t\t<h4 class=\"elementor-heading-title elementor-size-default\">Legal Design e Visual Law:<\/h4>\t\t<\/div>\n\t\t\t\t<\/div>\n\t\t\t\t<div class=\"elementor-element elementor-element-5e275ad elementor-widget elementor-widget-text-editor\" data-id=\"5e275ad\" data-element_type=\"widget\" data-widget_type=\"text-editor.default\">\n\t\t\t\t<div class=\"elementor-widget-container\">\n\t\t\t\t\t\t\t<p style=\"text-align: justify;\">Aplica\u00e7\u00e3o de t\u00e9cnicas de Legal Design e Visual Law para tornar as entregas mais acess\u00edveis e compreens\u00edveis, garantindo uma comunica\u00e7\u00e3o clara e eficaz nos contratos.<\/p>\t\t\t\t\t\t<\/div>\n\t\t\t\t<\/div>\n\t\t\t\t<\/div>\n\t\t\t\t\t<\/div>\n\t\t\t\t<\/div>\n\t\t\t\t<\/div>","protected":false},"excerpt":{"rendered":"<p>Home O escrit\u00f3rio ainda oferece uma gama abrangente de servi\u00e7os especializados em Contratos Empresariais, abordando diversas facetas do ambiente empresarial. Nossa atua\u00e7\u00e3o compreende: Estrutura\u00e7\u00e3o e Revis\u00e3o de Contratos Empresariais e Acordos Comerciais: Expertise na estrutura\u00e7\u00e3o, revis\u00e3o e negocia\u00e7\u00e3o de contratos e acordos comerciais, abrangendo setores regulados da economia. Assist\u00eancia na Gest\u00e3o de Rela\u00e7\u00f5es Contratuais: Suporte [&hellip;]<\/p>","protected":false},"author":1,"featured_media":0,"parent":0,"menu_order":0,"comment_status":"closed","ping_status":"closed","template":"elementor_header_footer","meta":{"footnotes":""},"class_list":["post-967","page","type-page","status-publish","hentry"],"yoast_head":"<!-- This site is optimized with the Yoast SEO plugin v22.6 - https:\/\/yoast.com\/wordpress\/plugins\/seo\/ -->\n<title>Contratos Empresariais - Ferr\u00e3o<\/title>\n<meta name=\"robots\" content=\"index, follow, max-snippet:-1, max-image-preview:large, max-video-preview:-1\" \/>\n<link rel=\"canonical\" href=\"https:\/\/pffa.com.br\/en\/contratos-empresariais\/\" \/>\n<meta property=\"og:locale\" content=\"en_US\" \/>\n<meta property=\"og:type\" content=\"article\" \/>\n<meta property=\"og:title\" content=\"Contratos Empresariais - Ferr\u00e3o\" \/>\n<meta property=\"og:description\" content=\"Home O escrit\u00f3rio ainda oferece uma gama abrangente de servi\u00e7os especializados em Contratos Empresariais, abordando diversas facetas do ambiente empresarial. Nossa atua\u00e7\u00e3o compreende: Estrutura\u00e7\u00e3o e Revis\u00e3o de Contratos Empresariais e Acordos Comerciais: Expertise na estrutura\u00e7\u00e3o, revis\u00e3o e negocia\u00e7\u00e3o de contratos e acordos comerciais, abrangendo setores regulados da economia. Assist\u00eancia na Gest\u00e3o de Rela\u00e7\u00f5es Contratuais: Suporte [&hellip;]\" \/>\n<meta property=\"og:url\" content=\"https:\/\/pffa.com.br\/en\/contratos-empresariais\/\" \/>\n<meta property=\"og:site_name\" content=\"Ferr\u00e3o\" \/>\n<meta property=\"article:modified_time\" content=\"2024-10-23T22:15:58+00:00\" \/>\n<meta name=\"twitter:card\" content=\"summary_large_image\" \/>\n<meta name=\"twitter:label1\" content=\"Est. reading time\" \/>\n\t<meta name=\"twitter:data1\" content=\"1 minute\" \/>\n<script type=\"application\/ld+json\" class=\"yoast-schema-graph\">{\"@context\":\"https:\/\/schema.org\",\"@graph\":[{\"@type\":\"WebPage\",\"@id\":\"https:\/\/pffa.com.br\/contratos-empresariais\/\",\"url\":\"https:\/\/pffa.com.br\/contratos-empresariais\/\",\"name\":\"Contratos Empresariais - Ferr\u00e3o\",\"isPartOf\":{\"@id\":\"https:\/\/pffa.com.br\/#website\"},\"datePublished\":\"2024-10-02T14:29:32+00:00\",\"dateModified\":\"2024-10-23T22:15:58+00:00\",\"breadcrumb\":{\"@id\":\"https:\/\/pffa.com.br\/contratos-empresariais\/#breadcrumb\"},\"inLanguage\":\"en-US\",\"potentialAction\":[{\"@type\":\"ReadAction\",\"target\":[\"https:\/\/pffa.com.br\/contratos-empresariais\/\"]}]},{\"@type\":\"BreadcrumbList\",\"@id\":\"https:\/\/pffa.com.br\/contratos-empresariais\/#breadcrumb\",\"itemListElement\":[{\"@type\":\"ListItem\",\"position\":1,\"name\":\"In\u00edcio\",\"item\":\"https:\/\/pffa.com.br\/\"},{\"@type\":\"ListItem\",\"position\":2,\"name\":\"Contratos Empresariais\"}]},{\"@type\":\"WebSite\",\"@id\":\"https:\/\/pffa.com.br\/#website\",\"url\":\"https:\/\/pffa.com.br\/\",\"name\":\"Ferr\u00e3o\",\"description\":\"Ferr\u00e3o &amp; Ferr\u00e3o Advogados Associados\",\"potentialAction\":[{\"@type\":\"SearchAction\",\"target\":{\"@type\":\"EntryPoint\",\"urlTemplate\":\"https:\/\/pffa.com.br\/?s={search_term_string}\"},\"query-input\":\"required name=search_term_string\"}],\"inLanguage\":\"en-US\"}]}<\/script>\n<!-- \/ Yoast SEO plugin. -->","yoast_head_json":{"title":"Contratos Empresariais - Ferr\u00e3o","robots":{"index":"index","follow":"follow","max-snippet":"max-snippet:-1","max-image-preview":"max-image-preview:large","max-video-preview":"max-video-preview:-1"},"canonical":"https:\/\/pffa.com.br\/en\/contratos-empresariais\/","og_locale":"en_US","og_type":"article","og_title":"Contratos Empresariais - Ferr\u00e3o","og_description":"Home O escrit\u00f3rio ainda oferece uma gama abrangente de servi\u00e7os especializados em Contratos Empresariais, abordando diversas facetas do ambiente empresarial. Nossa atua\u00e7\u00e3o compreende: Estrutura\u00e7\u00e3o e Revis\u00e3o de Contratos Empresariais e Acordos Comerciais: Expertise na estrutura\u00e7\u00e3o, revis\u00e3o e negocia\u00e7\u00e3o de contratos e acordos comerciais, abrangendo setores regulados da economia. Assist\u00eancia na Gest\u00e3o de Rela\u00e7\u00f5es Contratuais: Suporte [&hellip;]","og_url":"https:\/\/pffa.com.br\/en\/contratos-empresariais\/","og_site_name":"Ferr\u00e3o","article_modified_time":"2024-10-23T22:15:58+00:00","twitter_card":"summary_large_image","twitter_misc":{"Est. reading time":"1 minute"},"schema":{"@context":"https:\/\/schema.org","@graph":[{"@type":"WebPage","@id":"https:\/\/pffa.com.br\/contratos-empresariais\/","url":"https:\/\/pffa.com.br\/contratos-empresariais\/","name":"Contratos Empresariais - Ferr\u00e3o","isPartOf":{"@id":"https:\/\/pffa.com.br\/#website"},"datePublished":"2024-10-02T14:29:32+00:00","dateModified":"2024-10-23T22:15:58+00:00","breadcrumb":{"@id":"https:\/\/pffa.com.br\/contratos-empresariais\/#breadcrumb"},"inLanguage":"en-US","potentialAction":[{"@type":"ReadAction","target":["https:\/\/pffa.com.br\/contratos-empresariais\/"]}]},{"@type":"BreadcrumbList","@id":"https:\/\/pffa.com.br\/contratos-empresariais\/#breadcrumb","itemListElement":[{"@type":"ListItem","position":1,"name":"In\u00edcio","item":"https:\/\/pffa.com.br\/"},{"@type":"ListItem","position":2,"name":"Contratos Empresariais"}]},{"@type":"WebSite","@id":"https:\/\/pffa.com.br\/#website","url":"https:\/\/pffa.com.br\/","name":"Ferr\u00e3o","description":"Ferr\u00e3o &amp; Ferr\u00e3o Advogados Associados","potentialAction":[{"@type":"SearchAction","target":{"@type":"EntryPoint","urlTemplate":"https:\/\/pffa.com.br\/?s={search_term_string}"},"query-input":"required name=search_term_string"}],"inLanguage":"en-US"}]}},"_links":{"self":[{"href":"https:\/\/pffa.com.br\/en\/wp-json\/wp\/v2\/pages\/967","targetHints":{"allow":["GET"]}}],"collection":[{"href":"https:\/\/pffa.com.br\/en\/wp-json\/wp\/v2\/pages"}],"about":[{"href":"https:\/\/pffa.com.br\/en\/wp-json\/wp\/v2\/types\/page"}],"author":[{"embeddable":true,"href":"https:\/\/pffa.com.br\/en\/wp-json\/wp\/v2\/users\/1"}],"replies":[{"embeddable":true,"href":"https:\/\/pffa.com.br\/en\/wp-json\/wp\/v2\/comments?post=967"}],"version-history":[{"count":13,"href":"https:\/\/pffa.com.br\/en\/wp-json\/wp\/v2\/pages\/967\/revisions"}],"predecessor-version":[{"id":1328,"href":"https:\/\/pffa.com.br\/en\/wp-json\/wp\/v2\/pages\/967\/revisions\/1328"}],"wp:attachment":[{"href":"https:\/\/pffa.com.br\/en\/wp-json\/wp\/v2\/media?parent=967"}],"curies":[{"name":"wp","href":"https:\/\/api.w.org\/{rel}","templated":true}]}}