{"id":982,"date":"2024-10-02T11:56:31","date_gmt":"2024-10-02T14:56:31","guid":{"rendered":"https:\/\/pffa.com.br\/?page_id=982"},"modified":"2024-10-23T19:15:32","modified_gmt":"2024-10-23T22:15:32","slug":"ciberseguranca-e-seguranca-da-informacao","status":"publish","type":"page","link":"https:\/\/pffa.com.br\/en\/ciberseguranca-e-seguranca-da-informacao\/","title":{"rendered":"Ciberseguran\u00e7a e Seguran\u00e7a da Informa\u00e7\u00e3o"},"content":{"rendered":"<div data-elementor-type=\"wp-page\" data-elementor-id=\"982\" class=\"elementor elementor-982\" data-elementor-post-type=\"page\">\n\t\t\t\t<div class=\"elementor-element elementor-element-29c0e06 e-flex e-con-boxed e-con e-parent\" data-id=\"29c0e06\" data-element_type=\"container\" data-settings=\"{&quot;jet_parallax_layout_list&quot;:[]}\">\n\t\t\t\t\t<div class=\"e-con-inner\">\n\t\t\t\t<div class=\"elementor-element elementor-element-181d458 elementor-widget elementor-widget-heading\" data-id=\"181d458\" data-element_type=\"widget\" data-widget_type=\"heading.default\">\n\t\t\t\t<div class=\"elementor-widget-container\">\n\t\t\t<h2 class=\"elementor-heading-title elementor-size-default\">Ciberseguran\u00e7a e Seguran\u00e7a da Informa\u00e7\u00e3o<\/h2>\t\t<\/div>\n\t\t\t\t<\/div>\n\t\t\t\t<div class=\"elementor-element elementor-element-67482e8 elementor-icon-list--layout-inline elementor-list-item-link-full_width elementor-widget elementor-widget-icon-list\" data-id=\"67482e8\" data-element_type=\"widget\" data-widget_type=\"icon-list.default\">\n\t\t\t\t<div class=\"elementor-widget-container\">\n\t\t\t\t\t<ul class=\"elementor-icon-list-items elementor-inline-items\">\n\t\t\t\t\t\t\t<li class=\"elementor-icon-list-item elementor-inline-item\">\n\t\t\t\t\t\t\t\t\t\t\t<a href=\"https:\/\/pffa.com.br\/en\">\n\n\t\t\t\t\t\t\t\t\t\t\t<span class=\"elementor-icon-list-text\">Home<\/span>\n\t\t\t\t\t\t\t\t\t\t\t<\/a>\n\t\t\t\t\t\t\t\t\t<\/li>\n\t\t\t\t\t\t\t\t<li class=\"elementor-icon-list-item elementor-inline-item\">\n\t\t\t\t\t\t\t\t\t\t\t<span class=\"elementor-icon-list-icon\">\n\t\t\t\t\t\t\t<i aria-hidden=\"true\" class=\"arrow_carrot-right\"><\/i>\t\t\t\t\t\t<\/span>\n\t\t\t\t\t\t\t\t\t\t<span class=\"elementor-icon-list-text\">Ciberseguran\u00e7a e Seguran\u00e7a da Informa\u00e7\u00e3o<\/span>\n\t\t\t\t\t\t\t\t\t<\/li>\n\t\t\t\t\t\t<\/ul>\n\t\t\t\t<\/div>\n\t\t\t\t<\/div>\n\t\t\t\t\t<\/div>\n\t\t\t\t<\/div>\n\t\t<div class=\"elementor-element elementor-element-c6e0c3d e-flex e-con-boxed e-con e-parent\" data-id=\"c6e0c3d\" data-element_type=\"container\" data-settings=\"{&quot;jet_parallax_layout_list&quot;:[]}\">\n\t\t\t\t\t<div class=\"e-con-inner\">\n\t\t<div class=\"elementor-element elementor-element-06da958 e-con-full e-flex e-con e-child\" data-id=\"06da958\" data-element_type=\"container\" data-settings=\"{&quot;jet_parallax_layout_list&quot;:[],&quot;background_background&quot;:&quot;classic&quot;}\">\n\t\t\t\t<\/div>\n\t\t<div class=\"elementor-element elementor-element-9446804 e-con-full e-flex e-con e-child\" data-id=\"9446804\" data-element_type=\"container\" data-settings=\"{&quot;jet_parallax_layout_list&quot;:[]}\">\n\t\t\t\t<div class=\"elementor-element elementor-element-df14834 elementor-widget elementor-widget-text-editor\" data-id=\"df14834\" data-element_type=\"widget\" data-widget_type=\"text-editor.default\">\n\t\t\t\t<div class=\"elementor-widget-container\">\n\t\t\t\t\t\t\t<p style=\"text-align: justify;\">Nosso escrit\u00f3rio tamb\u00e9m se destaca na presta\u00e7\u00e3o de servi\u00e7os jur\u00eddicos especializados em Ciberseguran\u00e7a e Seguran\u00e7a da Informa\u00e7\u00e3o, oferecendo uma abordagem abrangente para garantir a prote\u00e7\u00e3o e conformidade das informa\u00e7\u00f5es cruciais para o seu neg\u00f3cio. Entre os principais servi\u00e7os oferecidos, incluem-se:<\/p>\t\t\t\t\t\t<\/div>\n\t\t\t\t<\/div>\n\t\t\t\t<div class=\"elementor-element elementor-element-6405791 elementor-widget elementor-widget-heading\" data-id=\"6405791\" data-element_type=\"widget\" data-widget_type=\"heading.default\">\n\t\t\t\t<div class=\"elementor-widget-container\">\n\t\t\t<h4 class=\"elementor-heading-title elementor-size-default\">Mapeamento de Maturidade e Controles de Seguran\u00e7a:<\/h4>\t\t<\/div>\n\t\t\t\t<\/div>\n\t\t\t\t<div class=\"elementor-element elementor-element-e4e697b elementor-widget elementor-widget-text-editor\" data-id=\"e4e697b\" data-element_type=\"widget\" data-widget_type=\"text-editor.default\">\n\t\t\t\t<div class=\"elementor-widget-container\">\n\t\t\t\t\t\t\t<p style=\"text-align: justify;\">Avalia\u00e7\u00e3o criteriosa do Sistema de Gest\u00e3o de Seguran\u00e7a da Informa\u00e7\u00e3o (SGSI) e controles cibern\u00e9ticos, adaptando-os \u00e0s regulamenta\u00e7\u00f5es e melhores pr\u00e1ticas do mercado.<\/p>\t\t\t\t\t\t<\/div>\n\t\t\t\t<\/div>\n\t\t\t\t<div class=\"elementor-element elementor-element-ceab27f elementor-widget elementor-widget-heading\" data-id=\"ceab27f\" data-element_type=\"widget\" data-widget_type=\"heading.default\">\n\t\t\t\t<div class=\"elementor-widget-container\">\n\t\t\t<h4 class=\"elementor-heading-title elementor-size-default\">Implementa\u00e7\u00e3o e Atualiza\u00e7\u00e3o do SGSI:<\/h4>\t\t<\/div>\n\t\t\t\t<\/div>\n\t\t\t\t<div class=\"elementor-element elementor-element-1175c18 elementor-widget elementor-widget-text-editor\" data-id=\"1175c18\" data-element_type=\"widget\" data-widget_type=\"text-editor.default\">\n\t\t\t\t<div class=\"elementor-widget-container\">\n\t\t\t\t\t\t\t<p style=\"text-align: justify;\">Suporte na implementa\u00e7\u00e3o e constante atualiza\u00e7\u00e3o do Sistema de Gest\u00e3o de Seguran\u00e7a da Informa\u00e7\u00e3o, alinhado \u00e0s demandas evolutivas do cen\u00e1rio de ciberseguran\u00e7a.<\/p>\t\t\t\t\t\t<\/div>\n\t\t\t\t<\/div>\n\t\t\t\t<div class=\"elementor-element elementor-element-d1ad2fa elementor-widget elementor-widget-heading\" data-id=\"d1ad2fa\" data-element_type=\"widget\" data-widget_type=\"heading.default\">\n\t\t\t\t<div class=\"elementor-widget-container\">\n\t\t\t<h4 class=\"elementor-heading-title elementor-size-default\">Adequa\u00e7\u00e3o \u00e0s Regulamenta\u00e7\u00f5es e Melhores Pr\u00e1ticas:<\/h4>\t\t<\/div>\n\t\t\t\t<\/div>\n\t\t\t\t<div class=\"elementor-element elementor-element-cd959dd elementor-widget elementor-widget-text-editor\" data-id=\"cd959dd\" data-element_type=\"widget\" data-widget_type=\"text-editor.default\">\n\t\t\t\t<div class=\"elementor-widget-container\">\n\t\t\t\t\t\t\t<p style=\"text-align: justify;\">Adequa\u00e7\u00e3o de Pol\u00edticas, Normas e Procedimentos conforme novas regulamenta\u00e7\u00f5es, com destaque para a seguran\u00e7a cibern\u00e9tica, e ades\u00e3o \u00e0s melhores pr\u00e1ticas.Governan\u00e7a e controles internos: Desenvolvimento de pol\u00edticas e controles internos para fortalecer a gest\u00e3o de riscos, incluindo preven\u00e7\u00e3o \u00e0 lavagem de dinheiro e dilig\u00eancia do cliente.<\/p>\t\t\t\t\t\t<\/div>\n\t\t\t\t<\/div>\n\t\t\t\t<\/div>\n\t\t\t\t\t<\/div>\n\t\t\t\t<\/div>\n\t\t<div class=\"elementor-element elementor-element-8e3c3fb e-flex e-con-boxed e-con e-parent\" data-id=\"8e3c3fb\" data-element_type=\"container\" data-settings=\"{&quot;jet_parallax_layout_list&quot;:[]}\">\n\t\t\t\t\t<div class=\"e-con-inner\">\n\t\t\t\t<div class=\"elementor-element elementor-element-ad072d5 elementor-widget elementor-widget-heading\" data-id=\"ad072d5\" data-element_type=\"widget\" data-widget_type=\"heading.default\">\n\t\t\t\t<div class=\"elementor-widget-container\">\n\t\t\t<h4 class=\"elementor-heading-title elementor-size-default\">Legal Design e Visual Law:<\/h4>\t\t<\/div>\n\t\t\t\t<\/div>\n\t\t\t\t<div class=\"elementor-element elementor-element-2416302 elementor-widget elementor-widget-text-editor\" data-id=\"2416302\" data-element_type=\"widget\" data-widget_type=\"text-editor.default\">\n\t\t\t\t<div class=\"elementor-widget-container\">\n\t\t\t\t\t\t\t<p style=\"text-align: justify;\">Aplica\u00e7\u00e3o de t\u00e9cnicas de Legal Design e Visual Law para tornar as entregas mais acess\u00edveis e compreens\u00edveis, garantindo uma comunica\u00e7\u00e3o clara e eficaz.<\/p>\t\t\t\t\t\t<\/div>\n\t\t\t\t<\/div>\n\t\t\t\t<div class=\"elementor-element elementor-element-bb42e85 elementor-widget elementor-widget-heading\" data-id=\"bb42e85\" data-element_type=\"widget\" data-widget_type=\"heading.default\">\n\t\t\t\t<div class=\"elementor-widget-container\">\n\t\t\t<h4 class=\"elementor-heading-title elementor-size-default\">Comit\u00eas de Seguran\u00e7a da Informa\u00e7\u00e3o:<\/h4>\t\t<\/div>\n\t\t\t\t<\/div>\n\t\t\t\t<div class=\"elementor-element elementor-element-ac9caab elementor-widget elementor-widget-text-editor\" data-id=\"ac9caab\" data-element_type=\"widget\" data-widget_type=\"text-editor.default\">\n\t\t\t\t<div class=\"elementor-widget-container\">\n\t\t\t\t\t\t\t<p style=\"text-align: justify;\">Estabelecimento e participa\u00e7\u00e3o em Comit\u00eas de Seguran\u00e7a da Informa\u00e7\u00e3o, contribuindo com recomenda\u00e7\u00f5es para a preven\u00e7\u00e3o e aplica\u00e7\u00e3o de planos de resposta a incidentes.<\/p>\t\t\t\t\t\t<\/div>\n\t\t\t\t<\/div>\n\t\t\t\t<div class=\"elementor-element elementor-element-b21ea0d elementor-widget elementor-widget-heading\" data-id=\"b21ea0d\" data-element_type=\"widget\" data-widget_type=\"heading.default\">\n\t\t\t\t<div class=\"elementor-widget-container\">\n\t\t\t<h4 class=\"elementor-heading-title elementor-size-default\">Avalia\u00e7\u00e3o de Maturidade Setorial:<\/h4>\t\t<\/div>\n\t\t\t\t<\/div>\n\t\t\t\t<div class=\"elementor-element elementor-element-2415ebe elementor-widget elementor-widget-text-editor\" data-id=\"2415ebe\" data-element_type=\"widget\" data-widget_type=\"text-editor.default\">\n\t\t\t\t<div class=\"elementor-widget-container\">\n\t\t\t\t\t\t\t<p style=\"text-align: justify;\">Avalia\u00e7\u00e3o de maturidade de acordo com regulamenta\u00e7\u00f5es setoriais espec\u00edficas em Seguran\u00e7a da Informa\u00e7\u00e3o, garantindo conformidade total com as exig\u00eancias normativas.<\/p>\t\t\t\t\t\t<\/div>\n\t\t\t\t<\/div>\n\t\t\t\t<div class=\"elementor-element elementor-element-e002d78 elementor-widget elementor-widget-heading\" data-id=\"e002d78\" data-element_type=\"widget\" data-widget_type=\"heading.default\">\n\t\t\t\t<div class=\"elementor-widget-container\">\n\t\t\t<h4 class=\"elementor-heading-title elementor-size-default\">Preven\u00e7\u00e3o e Resposta a Incidentes:<\/h4>\t\t<\/div>\n\t\t\t\t<\/div>\n\t\t\t\t<div class=\"elementor-element elementor-element-f02651a elementor-widget elementor-widget-text-editor\" data-id=\"f02651a\" data-element_type=\"widget\" data-widget_type=\"text-editor.default\">\n\t\t\t\t<div class=\"elementor-widget-container\">\n\t\t\t\t\t\t\t<p style=\"text-align: justify;\">Atua\u00e7\u00e3o proativa na preven\u00e7\u00e3o e resposta a incidentes de seguran\u00e7a, incluindo a elabora\u00e7\u00e3o de protocolos de resposta para agilidade e efic\u00e1cia.<\/p>\t\t\t\t\t\t<\/div>\n\t\t\t\t<\/div>\n\t\t\t\t<div class=\"elementor-element elementor-element-0dd6186 elementor-widget elementor-widget-heading\" data-id=\"0dd6186\" data-element_type=\"widget\" data-widget_type=\"heading.default\">\n\t\t\t\t<div class=\"elementor-widget-container\">\n\t\t\t<h4 class=\"elementor-heading-title elementor-size-default\">Consultoria em Conformidade Legal para Cabe\u00e7alhos de Seguran\u00e7a HTTP:<\/h4>\t\t<\/div>\n\t\t\t\t<\/div>\n\t\t\t\t<div class=\"elementor-element elementor-element-bc7aad9 elementor-widget elementor-widget-text-editor\" data-id=\"bc7aad9\" data-element_type=\"widget\" data-widget_type=\"text-editor.default\">\n\t\t\t\t<div class=\"elementor-widget-container\">\n\t\t\t\t\t\t\t<p style=\"text-align: justify;\">Oferecemos um servi\u00e7o jur\u00eddico especializado na \u00e1rea de seguran\u00e7a da informa\u00e7\u00e3o, focado na conformidade legal relacionada aos cabe\u00e7alhos HTTP. Nossa consultoria visa assegurar que as pr\u00e1ticas envolvendo o uso desses cabe\u00e7alhos estejam em estrita observ\u00e2ncia das normativas legais, garantindo a prote\u00e7\u00e3o dos dados e a seguran\u00e7a online.<\/p>\t\t\t\t\t\t<\/div>\n\t\t\t\t<\/div>\n\t\t\t\t\t<\/div>\n\t\t\t\t<\/div>\n\t\t\t\t<\/div>","protected":false},"excerpt":{"rendered":"<p>Home Nosso escrit\u00f3rio tamb\u00e9m se destaca na presta\u00e7\u00e3o de servi\u00e7os jur\u00eddicos especializados em Ciberseguran\u00e7a e Seguran\u00e7a da Informa\u00e7\u00e3o, oferecendo uma abordagem abrangente para garantir a prote\u00e7\u00e3o e conformidade das informa\u00e7\u00f5es cruciais para o seu neg\u00f3cio. Entre os principais servi\u00e7os oferecidos, incluem-se: Mapeamento de Maturidade e Controles de Seguran\u00e7a: Avalia\u00e7\u00e3o criteriosa do Sistema de Gest\u00e3o de [&hellip;]<\/p>","protected":false},"author":1,"featured_media":0,"parent":0,"menu_order":0,"comment_status":"closed","ping_status":"closed","template":"elementor_header_footer","meta":{"footnotes":""},"class_list":["post-982","page","type-page","status-publish","hentry"],"yoast_head":"<!-- This site is optimized with the Yoast SEO plugin v22.6 - https:\/\/yoast.com\/wordpress\/plugins\/seo\/ -->\n<title>Ciberseguran\u00e7a e Seguran\u00e7a da Informa\u00e7\u00e3o - Ferr\u00e3o<\/title>\n<meta name=\"robots\" content=\"index, follow, max-snippet:-1, max-image-preview:large, max-video-preview:-1\" \/>\n<link rel=\"canonical\" href=\"https:\/\/pffa.com.br\/en\/ciberseguranca-e-seguranca-da-informacao\/\" \/>\n<meta property=\"og:locale\" content=\"en_US\" \/>\n<meta property=\"og:type\" content=\"article\" \/>\n<meta property=\"og:title\" content=\"Ciberseguran\u00e7a e Seguran\u00e7a da Informa\u00e7\u00e3o - Ferr\u00e3o\" \/>\n<meta property=\"og:description\" content=\"Home Nosso escrit\u00f3rio tamb\u00e9m se destaca na presta\u00e7\u00e3o de servi\u00e7os jur\u00eddicos especializados em Ciberseguran\u00e7a e Seguran\u00e7a da Informa\u00e7\u00e3o, oferecendo uma abordagem abrangente para garantir a prote\u00e7\u00e3o e conformidade das informa\u00e7\u00f5es cruciais para o seu neg\u00f3cio. Entre os principais servi\u00e7os oferecidos, incluem-se: Mapeamento de Maturidade e Controles de Seguran\u00e7a: Avalia\u00e7\u00e3o criteriosa do Sistema de Gest\u00e3o de [&hellip;]\" \/>\n<meta property=\"og:url\" content=\"https:\/\/pffa.com.br\/en\/ciberseguranca-e-seguranca-da-informacao\/\" \/>\n<meta property=\"og:site_name\" content=\"Ferr\u00e3o\" \/>\n<meta property=\"article:modified_time\" content=\"2024-10-23T22:15:32+00:00\" \/>\n<meta name=\"twitter:card\" content=\"summary_large_image\" \/>\n<meta name=\"twitter:label1\" content=\"Est. reading time\" \/>\n\t<meta name=\"twitter:data1\" content=\"2 minutes\" \/>\n<script type=\"application\/ld+json\" class=\"yoast-schema-graph\">{\"@context\":\"https:\/\/schema.org\",\"@graph\":[{\"@type\":\"WebPage\",\"@id\":\"https:\/\/pffa.com.br\/ciberseguranca-e-seguranca-da-informacao\/\",\"url\":\"https:\/\/pffa.com.br\/ciberseguranca-e-seguranca-da-informacao\/\",\"name\":\"Ciberseguran\u00e7a e Seguran\u00e7a da Informa\u00e7\u00e3o - Ferr\u00e3o\",\"isPartOf\":{\"@id\":\"https:\/\/pffa.com.br\/#website\"},\"datePublished\":\"2024-10-02T14:56:31+00:00\",\"dateModified\":\"2024-10-23T22:15:32+00:00\",\"breadcrumb\":{\"@id\":\"https:\/\/pffa.com.br\/ciberseguranca-e-seguranca-da-informacao\/#breadcrumb\"},\"inLanguage\":\"en-US\",\"potentialAction\":[{\"@type\":\"ReadAction\",\"target\":[\"https:\/\/pffa.com.br\/ciberseguranca-e-seguranca-da-informacao\/\"]}]},{\"@type\":\"BreadcrumbList\",\"@id\":\"https:\/\/pffa.com.br\/ciberseguranca-e-seguranca-da-informacao\/#breadcrumb\",\"itemListElement\":[{\"@type\":\"ListItem\",\"position\":1,\"name\":\"In\u00edcio\",\"item\":\"https:\/\/pffa.com.br\/\"},{\"@type\":\"ListItem\",\"position\":2,\"name\":\"Ciberseguran\u00e7a e Seguran\u00e7a da Informa\u00e7\u00e3o\"}]},{\"@type\":\"WebSite\",\"@id\":\"https:\/\/pffa.com.br\/#website\",\"url\":\"https:\/\/pffa.com.br\/\",\"name\":\"Ferr\u00e3o\",\"description\":\"Ferr\u00e3o &amp; Ferr\u00e3o Advogados Associados\",\"potentialAction\":[{\"@type\":\"SearchAction\",\"target\":{\"@type\":\"EntryPoint\",\"urlTemplate\":\"https:\/\/pffa.com.br\/?s={search_term_string}\"},\"query-input\":\"required name=search_term_string\"}],\"inLanguage\":\"en-US\"}]}<\/script>\n<!-- \/ Yoast SEO plugin. -->","yoast_head_json":{"title":"Ciberseguran\u00e7a e Seguran\u00e7a da Informa\u00e7\u00e3o - Ferr\u00e3o","robots":{"index":"index","follow":"follow","max-snippet":"max-snippet:-1","max-image-preview":"max-image-preview:large","max-video-preview":"max-video-preview:-1"},"canonical":"https:\/\/pffa.com.br\/en\/ciberseguranca-e-seguranca-da-informacao\/","og_locale":"en_US","og_type":"article","og_title":"Ciberseguran\u00e7a e Seguran\u00e7a da Informa\u00e7\u00e3o - Ferr\u00e3o","og_description":"Home Nosso escrit\u00f3rio tamb\u00e9m se destaca na presta\u00e7\u00e3o de servi\u00e7os jur\u00eddicos especializados em Ciberseguran\u00e7a e Seguran\u00e7a da Informa\u00e7\u00e3o, oferecendo uma abordagem abrangente para garantir a prote\u00e7\u00e3o e conformidade das informa\u00e7\u00f5es cruciais para o seu neg\u00f3cio. Entre os principais servi\u00e7os oferecidos, incluem-se: Mapeamento de Maturidade e Controles de Seguran\u00e7a: Avalia\u00e7\u00e3o criteriosa do Sistema de Gest\u00e3o de [&hellip;]","og_url":"https:\/\/pffa.com.br\/en\/ciberseguranca-e-seguranca-da-informacao\/","og_site_name":"Ferr\u00e3o","article_modified_time":"2024-10-23T22:15:32+00:00","twitter_card":"summary_large_image","twitter_misc":{"Est. reading time":"2 minutes"},"schema":{"@context":"https:\/\/schema.org","@graph":[{"@type":"WebPage","@id":"https:\/\/pffa.com.br\/ciberseguranca-e-seguranca-da-informacao\/","url":"https:\/\/pffa.com.br\/ciberseguranca-e-seguranca-da-informacao\/","name":"Ciberseguran\u00e7a e Seguran\u00e7a da Informa\u00e7\u00e3o - Ferr\u00e3o","isPartOf":{"@id":"https:\/\/pffa.com.br\/#website"},"datePublished":"2024-10-02T14:56:31+00:00","dateModified":"2024-10-23T22:15:32+00:00","breadcrumb":{"@id":"https:\/\/pffa.com.br\/ciberseguranca-e-seguranca-da-informacao\/#breadcrumb"},"inLanguage":"en-US","potentialAction":[{"@type":"ReadAction","target":["https:\/\/pffa.com.br\/ciberseguranca-e-seguranca-da-informacao\/"]}]},{"@type":"BreadcrumbList","@id":"https:\/\/pffa.com.br\/ciberseguranca-e-seguranca-da-informacao\/#breadcrumb","itemListElement":[{"@type":"ListItem","position":1,"name":"In\u00edcio","item":"https:\/\/pffa.com.br\/"},{"@type":"ListItem","position":2,"name":"Ciberseguran\u00e7a e Seguran\u00e7a da Informa\u00e7\u00e3o"}]},{"@type":"WebSite","@id":"https:\/\/pffa.com.br\/#website","url":"https:\/\/pffa.com.br\/","name":"Ferr\u00e3o","description":"Ferr\u00e3o &amp; Ferr\u00e3o Advogados Associados","potentialAction":[{"@type":"SearchAction","target":{"@type":"EntryPoint","urlTemplate":"https:\/\/pffa.com.br\/?s={search_term_string}"},"query-input":"required name=search_term_string"}],"inLanguage":"en-US"}]}},"_links":{"self":[{"href":"https:\/\/pffa.com.br\/en\/wp-json\/wp\/v2\/pages\/982","targetHints":{"allow":["GET"]}}],"collection":[{"href":"https:\/\/pffa.com.br\/en\/wp-json\/wp\/v2\/pages"}],"about":[{"href":"https:\/\/pffa.com.br\/en\/wp-json\/wp\/v2\/types\/page"}],"author":[{"embeddable":true,"href":"https:\/\/pffa.com.br\/en\/wp-json\/wp\/v2\/users\/1"}],"replies":[{"embeddable":true,"href":"https:\/\/pffa.com.br\/en\/wp-json\/wp\/v2\/comments?post=982"}],"version-history":[{"count":16,"href":"https:\/\/pffa.com.br\/en\/wp-json\/wp\/v2\/pages\/982\/revisions"}],"predecessor-version":[{"id":1325,"href":"https:\/\/pffa.com.br\/en\/wp-json\/wp\/v2\/pages\/982\/revisions\/1325"}],"wp:attachment":[{"href":"https:\/\/pffa.com.br\/en\/wp-json\/wp\/v2\/media?parent=982"}],"curies":[{"name":"wp","href":"https:\/\/api.w.org\/{rel}","templated":true}]}}