{"id":987,"date":"2024-10-02T11:59:47","date_gmt":"2024-10-02T14:59:47","guid":{"rendered":"https:\/\/pffa.com.br\/?page_id=987"},"modified":"2024-10-23T19:14:19","modified_gmt":"2024-10-23T22:14:19","slug":"startups","status":"publish","type":"page","link":"https:\/\/pffa.com.br\/en\/startups\/","title":{"rendered":"Startups"},"content":{"rendered":"<div data-elementor-type=\"wp-page\" data-elementor-id=\"987\" class=\"elementor elementor-987\" data-elementor-post-type=\"page\">\n\t\t\t\t<div class=\"elementor-element elementor-element-29c0e06 e-flex e-con-boxed e-con e-parent\" data-id=\"29c0e06\" data-element_type=\"container\" data-settings=\"{&quot;jet_parallax_layout_list&quot;:[]}\">\n\t\t\t\t\t<div class=\"e-con-inner\">\n\t\t\t\t<div class=\"elementor-element elementor-element-181d458 elementor-widget elementor-widget-heading\" data-id=\"181d458\" data-element_type=\"widget\" data-widget_type=\"heading.default\">\n\t\t\t\t<div class=\"elementor-widget-container\">\n\t\t\t<h2 class=\"elementor-heading-title elementor-size-default\">Startups<\/h2>\t\t<\/div>\n\t\t\t\t<\/div>\n\t\t\t\t<div class=\"elementor-element elementor-element-67482e8 elementor-icon-list--layout-inline elementor-list-item-link-full_width elementor-widget elementor-widget-icon-list\" data-id=\"67482e8\" data-element_type=\"widget\" data-widget_type=\"icon-list.default\">\n\t\t\t\t<div class=\"elementor-widget-container\">\n\t\t\t\t\t<ul class=\"elementor-icon-list-items elementor-inline-items\">\n\t\t\t\t\t\t\t<li class=\"elementor-icon-list-item elementor-inline-item\">\n\t\t\t\t\t\t\t\t\t\t\t<a href=\"https:\/\/pffa.com.br\/en\">\n\n\t\t\t\t\t\t\t\t\t\t\t<span class=\"elementor-icon-list-text\">Home<\/span>\n\t\t\t\t\t\t\t\t\t\t\t<\/a>\n\t\t\t\t\t\t\t\t\t<\/li>\n\t\t\t\t\t\t\t\t<li class=\"elementor-icon-list-item elementor-inline-item\">\n\t\t\t\t\t\t\t\t\t\t\t<span class=\"elementor-icon-list-icon\">\n\t\t\t\t\t\t\t<i aria-hidden=\"true\" class=\"arrow_carrot-right\"><\/i>\t\t\t\t\t\t<\/span>\n\t\t\t\t\t\t\t\t\t\t<span class=\"elementor-icon-list-text\">Startups<\/span>\n\t\t\t\t\t\t\t\t\t<\/li>\n\t\t\t\t\t\t<\/ul>\n\t\t\t\t<\/div>\n\t\t\t\t<\/div>\n\t\t\t\t\t<\/div>\n\t\t\t\t<\/div>\n\t\t<div class=\"elementor-element elementor-element-c6e0c3d e-flex e-con-boxed e-con e-parent\" data-id=\"c6e0c3d\" data-element_type=\"container\" data-settings=\"{&quot;jet_parallax_layout_list&quot;:[]}\">\n\t\t\t\t\t<div class=\"e-con-inner\">\n\t\t<div class=\"elementor-element elementor-element-06da958 e-con-full e-flex e-con e-child\" data-id=\"06da958\" data-element_type=\"container\" data-settings=\"{&quot;jet_parallax_layout_list&quot;:[],&quot;background_background&quot;:&quot;classic&quot;}\">\n\t\t\t\t<\/div>\n\t\t<div class=\"elementor-element elementor-element-9446804 e-con-full e-flex e-con e-child\" data-id=\"9446804\" data-element_type=\"container\" data-settings=\"{&quot;jet_parallax_layout_list&quot;:[]}\">\n\t\t\t\t<div class=\"elementor-element elementor-element-f637bbf elementor-widget elementor-widget-heading\" data-id=\"f637bbf\" data-element_type=\"widget\" data-widget_type=\"heading.default\">\n\t\t\t\t<div class=\"elementor-widget-container\">\n\t\t\t<h4 class=\"elementor-heading-title elementor-size-default\">Consultoria Jur\u00eddica para Startups\n<\/h4>\t\t<\/div>\n\t\t\t\t<\/div>\n\t\t\t\t<div class=\"elementor-element elementor-element-e5ba57e elementor-widget elementor-widget-text-editor\" data-id=\"e5ba57e\" data-element_type=\"widget\" data-widget_type=\"text-editor.default\">\n\t\t\t\t<div class=\"elementor-widget-container\">\n\t\t\t\t\t\t\t<p style=\"text-align: justify;\">Apoiamos empreendedores e startups desde a concep\u00e7\u00e3o da ideia at\u00e9 a expans\u00e3o do neg\u00f3cio, fornecendo consultoria estrat\u00e9gica e jur\u00eddica para garantir uma base s\u00f3lida e sustent\u00e1vel. Nossa equipe oferece uma abordagem personalizada, ajudando na estrutura\u00e7\u00e3o societ\u00e1ria, atra\u00e7\u00e3o de investimentos e gest\u00e3o de riscos, sempre alinhada \u00e0s melhores pr\u00e1ticas do mercado e \u00e0 inova\u00e7\u00e3o.<\/p>\t\t\t\t\t\t<\/div>\n\t\t\t\t<\/div>\n\t\t\t\t<div class=\"elementor-element elementor-element-be976cc elementor-widget elementor-widget-heading\" data-id=\"be976cc\" data-element_type=\"widget\" data-widget_type=\"heading.default\">\n\t\t\t\t<div class=\"elementor-widget-container\">\n\t\t\t<h4 class=\"elementor-heading-title elementor-size-default\">Nossos Servi\u00e7os para Startups\n<\/h4>\t\t<\/div>\n\t\t\t\t<\/div>\n\t\t\t\t<div class=\"elementor-element elementor-element-cf9f1f3 elementor-widget elementor-widget-heading\" data-id=\"cf9f1f3\" data-element_type=\"widget\" data-widget_type=\"heading.default\">\n\t\t\t\t<div class=\"elementor-widget-container\">\n\t\t\t<h4 class=\"elementor-heading-title elementor-size-default\">Estrutura\u00e7\u00e3o societ\u00e1ria:<\/h4>\t\t<\/div>\n\t\t\t\t<\/div>\n\t\t\t\t<div class=\"elementor-element elementor-element-2344d3e elementor-widget elementor-widget-text-editor\" data-id=\"2344d3e\" data-element_type=\"widget\" data-widget_type=\"text-editor.default\">\n\t\t\t\t<div class=\"elementor-widget-container\">\n\t\t\t\t\t\t\t<p style=\"text-align: justify;\">Defini\u00e7\u00e3o do modelo societ\u00e1rio mais adequado para o novo neg\u00f3cio, incluindo elabora\u00e7\u00e3o de contratos sociais, acordos de s\u00f3cios e memorandos de entendimento.<br \/>Planejamento e viabilidade jur\u00eddica: Avalia\u00e7\u00e3o de modelos de neg\u00f3cio online, considerando regulamenta\u00e7\u00f5es aplic\u00e1veis e mitiga\u00e7\u00e3o de riscos legais.<\/p>\t\t\t\t\t\t<\/div>\n\t\t\t\t<\/div>\n\t\t\t\t<div class=\"elementor-element elementor-element-5984add elementor-widget elementor-widget-heading\" data-id=\"5984add\" data-element_type=\"widget\" data-widget_type=\"heading.default\">\n\t\t\t\t<div class=\"elementor-widget-container\">\n\t\t\t<h4 class=\"elementor-heading-title elementor-size-default\">Investimentos e capta\u00e7\u00e3o de recursos:<\/h4>\t\t<\/div>\n\t\t\t\t<\/div>\n\t\t\t\t<div class=\"elementor-element elementor-element-efece7e elementor-widget elementor-widget-text-editor\" data-id=\"efece7e\" data-element_type=\"widget\" data-widget_type=\"text-editor.default\">\n\t\t\t\t<div class=\"elementor-widget-container\">\n\t\t\t\t\t\t\t<p style=\"text-align: justify;\">Assist\u00eancia na obten\u00e7\u00e3o de venture capital, angel investors e negocia\u00e7\u00e3o de compra e venda de a\u00e7\u00f5es, quotas e participa\u00e7\u00f5es.<\/p>\t\t\t\t\t\t<\/div>\n\t\t\t\t<\/div>\n\t\t\t\t<div class=\"elementor-element elementor-element-c58900d elementor-widget elementor-widget-heading\" data-id=\"c58900d\" data-element_type=\"widget\" data-widget_type=\"heading.default\">\n\t\t\t\t<div class=\"elementor-widget-container\">\n\t\t\t<h4 class=\"elementor-heading-title elementor-size-default\">Fus\u00f5es, aquisi\u00e7\u00f5es e parcerias:<\/h4>\t\t<\/div>\n\t\t\t\t<\/div>\n\t\t\t\t<div class=\"elementor-element elementor-element-3e079df elementor-widget elementor-widget-text-editor\" data-id=\"3e079df\" data-element_type=\"widget\" data-widget_type=\"text-editor.default\">\n\t\t\t\t<div class=\"elementor-widget-container\">\n\t\t\t\t\t\t\t<p style=\"text-align: justify;\">Suporte completo em incorpora\u00e7\u00f5es, M&amp;A e estrutura\u00e7\u00e3o de parcerias estrat\u00e9gicas.<br \/>Governan\u00e7a e incentivos: Cria\u00e7\u00e3o de modelos de vesting, stock options e outros instrumentos para reten\u00e7\u00e3o e alinhamento de talentos.<\/p>\t\t\t\t\t\t<\/div>\n\t\t\t\t<\/div>\n\t\t\t\t<div class=\"elementor-element elementor-element-8731faa elementor-widget elementor-widget-heading\" data-id=\"8731faa\" data-element_type=\"widget\" data-widget_type=\"heading.default\">\n\t\t\t\t<div class=\"elementor-widget-container\">\n\t\t\t<h4 class=\"elementor-heading-title elementor-size-default\">Contratos especializados:<\/h4>\t\t<\/div>\n\t\t\t\t<\/div>\n\t\t\t\t<div class=\"elementor-element elementor-element-523ec91 elementor-widget elementor-widget-text-editor\" data-id=\"523ec91\" data-element_type=\"widget\" data-widget_type=\"text-editor.default\">\n\t\t\t\t<div class=\"elementor-widget-container\">\n\t\t\t\t\t\t\t<p style=\"text-align: justify;\">Elabora\u00e7\u00e3o de contratos sob medida, como contratos de trabalho, presta\u00e7\u00e3o de servi\u00e7os e acordos de confidencialidade (NDA).<\/p>\t\t\t\t\t\t<\/div>\n\t\t\t\t<\/div>\n\t\t\t\t<div class=\"elementor-element elementor-element-8d8eefa elementor-widget elementor-widget-heading\" data-id=\"8d8eefa\" data-element_type=\"widget\" data-widget_type=\"heading.default\">\n\t\t\t\t<div class=\"elementor-widget-container\">\n\t\t\t<h4 class=\"elementor-heading-title elementor-size-default\">Prote\u00e7\u00e3o de propriedade intelectual:<\/h4>\t\t<\/div>\n\t\t\t\t<\/div>\n\t\t\t\t<div class=\"elementor-element elementor-element-3bfbfc7 elementor-widget elementor-widget-text-editor\" data-id=\"3bfbfc7\" data-element_type=\"widget\" data-widget_type=\"text-editor.default\">\n\t\t\t\t<div class=\"elementor-widget-container\">\n\t\t\t\t\t\t\t<p style=\"text-align: justify;\">Desenvolvimento de Termos de Uso, Pol\u00edticas de Privacidade e mecanismos para a prote\u00e7\u00e3o de direitos intelectuais.<\/p>\t\t\t\t\t\t<\/div>\n\t\t\t\t<\/div>\n\t\t\t\t<div class=\"elementor-element elementor-element-69d1182 elementor-widget elementor-widget-heading\" data-id=\"69d1182\" data-element_type=\"widget\" data-widget_type=\"heading.default\">\n\t\t\t\t<div class=\"elementor-widget-container\">\n\t\t\t<h4 class=\"elementor-heading-title elementor-size-default\">Conformidade e licenciamento:<\/h4>\t\t<\/div>\n\t\t\t\t<\/div>\n\t\t\t\t<div class=\"elementor-element elementor-element-a65343e elementor-widget elementor-widget-text-editor\" data-id=\"a65343e\" data-element_type=\"widget\" data-widget_type=\"text-editor.default\">\n\t\t\t\t<div class=\"elementor-widget-container\">\n\t\t\t\t\t\t\t<p style=\"text-align: justify;\">Orienta\u00e7\u00e3o sobre autoriza\u00e7\u00f5es e licenciamentos necess\u00e1rios para operar no mercado de forma segura e alinhada \u00e0s exig\u00eancias legais.<\/p><p style=\"text-align: justify;\">Nosso escrit\u00f3rio entende a din\u00e2mica e os desafios do universo das startups e est\u00e1 preparado para ser o parceiro jur\u00eddico ideal em todas as etapas do neg\u00f3cio, desde o lan\u00e7amento at\u00e9 o crescimento exponencial\u00a0e\u00a0al\u00e9m.<\/p>\t\t\t\t\t\t<\/div>\n\t\t\t\t<\/div>\n\t\t\t\t<\/div>\n\t\t\t\t\t<\/div>\n\t\t\t\t<\/div>\n\t\t\t\t<\/div>","protected":false},"excerpt":{"rendered":"<p>Home Consultoria Jur\u00eddica para Startups Apoiamos empreendedores e startups desde a concep\u00e7\u00e3o da ideia at\u00e9 a expans\u00e3o do neg\u00f3cio, fornecendo consultoria estrat\u00e9gica e jur\u00eddica para garantir uma base s\u00f3lida e sustent\u00e1vel. Nossa equipe oferece uma abordagem personalizada, ajudando na estrutura\u00e7\u00e3o societ\u00e1ria, atra\u00e7\u00e3o de investimentos e gest\u00e3o de riscos, sempre alinhada \u00e0s melhores pr\u00e1ticas do mercado [&hellip;]<\/p>","protected":false},"author":1,"featured_media":0,"parent":0,"menu_order":0,"comment_status":"closed","ping_status":"closed","template":"elementor_header_footer","meta":{"footnotes":""},"class_list":["post-987","page","type-page","status-publish","hentry"],"yoast_head":"<!-- This site is optimized with the Yoast SEO plugin v22.6 - https:\/\/yoast.com\/wordpress\/plugins\/seo\/ -->\n<title>Startups - Ferr\u00e3o<\/title>\n<meta name=\"robots\" content=\"index, follow, max-snippet:-1, max-image-preview:large, max-video-preview:-1\" \/>\n<link rel=\"canonical\" href=\"https:\/\/pffa.com.br\/en\/startups\/\" \/>\n<meta property=\"og:locale\" content=\"en_US\" \/>\n<meta property=\"og:type\" content=\"article\" \/>\n<meta property=\"og:title\" content=\"Startups - Ferr\u00e3o\" \/>\n<meta property=\"og:description\" content=\"Home Consultoria Jur\u00eddica para Startups Apoiamos empreendedores e startups desde a concep\u00e7\u00e3o da ideia at\u00e9 a expans\u00e3o do neg\u00f3cio, fornecendo consultoria estrat\u00e9gica e jur\u00eddica para garantir uma base s\u00f3lida e sustent\u00e1vel. Nossa equipe oferece uma abordagem personalizada, ajudando na estrutura\u00e7\u00e3o societ\u00e1ria, atra\u00e7\u00e3o de investimentos e gest\u00e3o de riscos, sempre alinhada \u00e0s melhores pr\u00e1ticas do mercado [&hellip;]\" \/>\n<meta property=\"og:url\" content=\"https:\/\/pffa.com.br\/en\/startups\/\" \/>\n<meta property=\"og:site_name\" content=\"Ferr\u00e3o\" \/>\n<meta property=\"article:modified_time\" content=\"2024-10-23T22:14:19+00:00\" \/>\n<meta name=\"twitter:card\" content=\"summary_large_image\" \/>\n<meta name=\"twitter:label1\" content=\"Est. reading time\" \/>\n\t<meta name=\"twitter:data1\" content=\"2 minutes\" \/>\n<script type=\"application\/ld+json\" class=\"yoast-schema-graph\">{\"@context\":\"https:\/\/schema.org\",\"@graph\":[{\"@type\":\"WebPage\",\"@id\":\"https:\/\/pffa.com.br\/startups\/\",\"url\":\"https:\/\/pffa.com.br\/startups\/\",\"name\":\"Startups - Ferr\u00e3o\",\"isPartOf\":{\"@id\":\"https:\/\/pffa.com.br\/#website\"},\"datePublished\":\"2024-10-02T14:59:47+00:00\",\"dateModified\":\"2024-10-23T22:14:19+00:00\",\"breadcrumb\":{\"@id\":\"https:\/\/pffa.com.br\/startups\/#breadcrumb\"},\"inLanguage\":\"en-US\",\"potentialAction\":[{\"@type\":\"ReadAction\",\"target\":[\"https:\/\/pffa.com.br\/startups\/\"]}]},{\"@type\":\"BreadcrumbList\",\"@id\":\"https:\/\/pffa.com.br\/startups\/#breadcrumb\",\"itemListElement\":[{\"@type\":\"ListItem\",\"position\":1,\"name\":\"In\u00edcio\",\"item\":\"https:\/\/pffa.com.br\/\"},{\"@type\":\"ListItem\",\"position\":2,\"name\":\"Startups\"}]},{\"@type\":\"WebSite\",\"@id\":\"https:\/\/pffa.com.br\/#website\",\"url\":\"https:\/\/pffa.com.br\/\",\"name\":\"Ferr\u00e3o\",\"description\":\"Ferr\u00e3o &amp; Ferr\u00e3o Advogados Associados\",\"potentialAction\":[{\"@type\":\"SearchAction\",\"target\":{\"@type\":\"EntryPoint\",\"urlTemplate\":\"https:\/\/pffa.com.br\/?s={search_term_string}\"},\"query-input\":\"required name=search_term_string\"}],\"inLanguage\":\"en-US\"}]}<\/script>\n<!-- \/ Yoast SEO plugin. -->","yoast_head_json":{"title":"Startups - Ferr\u00e3o","robots":{"index":"index","follow":"follow","max-snippet":"max-snippet:-1","max-image-preview":"max-image-preview:large","max-video-preview":"max-video-preview:-1"},"canonical":"https:\/\/pffa.com.br\/en\/startups\/","og_locale":"en_US","og_type":"article","og_title":"Startups - Ferr\u00e3o","og_description":"Home Consultoria Jur\u00eddica para Startups Apoiamos empreendedores e startups desde a concep\u00e7\u00e3o da ideia at\u00e9 a expans\u00e3o do neg\u00f3cio, fornecendo consultoria estrat\u00e9gica e jur\u00eddica para garantir uma base s\u00f3lida e sustent\u00e1vel. Nossa equipe oferece uma abordagem personalizada, ajudando na estrutura\u00e7\u00e3o societ\u00e1ria, atra\u00e7\u00e3o de investimentos e gest\u00e3o de riscos, sempre alinhada \u00e0s melhores pr\u00e1ticas do mercado [&hellip;]","og_url":"https:\/\/pffa.com.br\/en\/startups\/","og_site_name":"Ferr\u00e3o","article_modified_time":"2024-10-23T22:14:19+00:00","twitter_card":"summary_large_image","twitter_misc":{"Est. reading time":"2 minutes"},"schema":{"@context":"https:\/\/schema.org","@graph":[{"@type":"WebPage","@id":"https:\/\/pffa.com.br\/startups\/","url":"https:\/\/pffa.com.br\/startups\/","name":"Startups - Ferr\u00e3o","isPartOf":{"@id":"https:\/\/pffa.com.br\/#website"},"datePublished":"2024-10-02T14:59:47+00:00","dateModified":"2024-10-23T22:14:19+00:00","breadcrumb":{"@id":"https:\/\/pffa.com.br\/startups\/#breadcrumb"},"inLanguage":"en-US","potentialAction":[{"@type":"ReadAction","target":["https:\/\/pffa.com.br\/startups\/"]}]},{"@type":"BreadcrumbList","@id":"https:\/\/pffa.com.br\/startups\/#breadcrumb","itemListElement":[{"@type":"ListItem","position":1,"name":"In\u00edcio","item":"https:\/\/pffa.com.br\/"},{"@type":"ListItem","position":2,"name":"Startups"}]},{"@type":"WebSite","@id":"https:\/\/pffa.com.br\/#website","url":"https:\/\/pffa.com.br\/","name":"Ferr\u00e3o","description":"Ferr\u00e3o &amp; Ferr\u00e3o Advogados Associados","potentialAction":[{"@type":"SearchAction","target":{"@type":"EntryPoint","urlTemplate":"https:\/\/pffa.com.br\/?s={search_term_string}"},"query-input":"required name=search_term_string"}],"inLanguage":"en-US"}]}},"_links":{"self":[{"href":"https:\/\/pffa.com.br\/en\/wp-json\/wp\/v2\/pages\/987","targetHints":{"allow":["GET"]}}],"collection":[{"href":"https:\/\/pffa.com.br\/en\/wp-json\/wp\/v2\/pages"}],"about":[{"href":"https:\/\/pffa.com.br\/en\/wp-json\/wp\/v2\/types\/page"}],"author":[{"embeddable":true,"href":"https:\/\/pffa.com.br\/en\/wp-json\/wp\/v2\/users\/1"}],"replies":[{"embeddable":true,"href":"https:\/\/pffa.com.br\/en\/wp-json\/wp\/v2\/comments?post=987"}],"version-history":[{"count":10,"href":"https:\/\/pffa.com.br\/en\/wp-json\/wp\/v2\/pages\/987\/revisions"}],"predecessor-version":[{"id":1322,"href":"https:\/\/pffa.com.br\/en\/wp-json\/wp\/v2\/pages\/987\/revisions\/1322"}],"wp:attachment":[{"href":"https:\/\/pffa.com.br\/en\/wp-json\/wp\/v2\/media?parent=987"}],"curies":[{"name":"wp","href":"https:\/\/api.w.org\/{rel}","templated":true}]}}