{"id":992,"date":"2024-10-02T12:01:26","date_gmt":"2024-10-02T15:01:26","guid":{"rendered":"https:\/\/pffa.com.br\/?page_id=992"},"modified":"2024-10-23T19:17:03","modified_gmt":"2024-10-23T22:17:03","slug":"educacao-digital","status":"publish","type":"page","link":"https:\/\/pffa.com.br\/en\/educacao-digital\/","title":{"rendered":"Educa\u00e7\u00e3o Digital"},"content":{"rendered":"<div data-elementor-type=\"wp-page\" data-elementor-id=\"992\" class=\"elementor elementor-992\" data-elementor-post-type=\"page\">\n\t\t\t\t<div class=\"elementor-element elementor-element-29c0e06 e-flex e-con-boxed e-con e-parent\" data-id=\"29c0e06\" data-element_type=\"container\" data-settings=\"{&quot;jet_parallax_layout_list&quot;:[]}\">\n\t\t\t\t\t<div class=\"e-con-inner\">\n\t\t\t\t<div class=\"elementor-element elementor-element-181d458 elementor-widget elementor-widget-heading\" data-id=\"181d458\" data-element_type=\"widget\" data-widget_type=\"heading.default\">\n\t\t\t\t<div class=\"elementor-widget-container\">\n\t\t\t<h2 class=\"elementor-heading-title elementor-size-default\">Educa\u00e7\u00e3o Digital<\/h2>\t\t<\/div>\n\t\t\t\t<\/div>\n\t\t\t\t<div class=\"elementor-element elementor-element-67482e8 elementor-icon-list--layout-inline elementor-list-item-link-full_width elementor-widget elementor-widget-icon-list\" data-id=\"67482e8\" data-element_type=\"widget\" data-widget_type=\"icon-list.default\">\n\t\t\t\t<div class=\"elementor-widget-container\">\n\t\t\t\t\t<ul class=\"elementor-icon-list-items elementor-inline-items\">\n\t\t\t\t\t\t\t<li class=\"elementor-icon-list-item elementor-inline-item\">\n\t\t\t\t\t\t\t\t\t\t\t<a href=\"https:\/\/pffa.com.br\/en\">\n\n\t\t\t\t\t\t\t\t\t\t\t<span class=\"elementor-icon-list-text\">Home<\/span>\n\t\t\t\t\t\t\t\t\t\t\t<\/a>\n\t\t\t\t\t\t\t\t\t<\/li>\n\t\t\t\t\t\t\t\t<li class=\"elementor-icon-list-item elementor-inline-item\">\n\t\t\t\t\t\t\t\t\t\t\t<span class=\"elementor-icon-list-icon\">\n\t\t\t\t\t\t\t<i aria-hidden=\"true\" class=\"arrow_carrot-right\"><\/i>\t\t\t\t\t\t<\/span>\n\t\t\t\t\t\t\t\t\t\t<span class=\"elementor-icon-list-text\">Educa\u00e7\u00e3o Digital<\/span>\n\t\t\t\t\t\t\t\t\t<\/li>\n\t\t\t\t\t\t<\/ul>\n\t\t\t\t<\/div>\n\t\t\t\t<\/div>\n\t\t\t\t\t<\/div>\n\t\t\t\t<\/div>\n\t\t<div class=\"elementor-element elementor-element-c6e0c3d e-flex e-con-boxed e-con e-parent\" data-id=\"c6e0c3d\" data-element_type=\"container\" data-settings=\"{&quot;jet_parallax_layout_list&quot;:[]}\">\n\t\t\t\t\t<div class=\"e-con-inner\">\n\t\t<div class=\"elementor-element elementor-element-06da958 e-con-full e-flex e-con e-child\" data-id=\"06da958\" data-element_type=\"container\" data-settings=\"{&quot;jet_parallax_layout_list&quot;:[],&quot;background_background&quot;:&quot;classic&quot;}\">\n\t\t\t\t<\/div>\n\t\t<div class=\"elementor-element elementor-element-9446804 e-con-full e-flex e-con e-child\" data-id=\"9446804\" data-element_type=\"container\" data-settings=\"{&quot;jet_parallax_layout_list&quot;:[]}\">\n\t\t\t\t<div class=\"elementor-element elementor-element-df14834 elementor-widget elementor-widget-text-editor\" data-id=\"df14834\" data-element_type=\"widget\" data-widget_type=\"text-editor.default\">\n\t\t\t\t<div class=\"elementor-widget-container\">\n\t\t\t\t\t\t\t<p style=\"text-align: justify;\">Na era digital em que vivemos, a educa\u00e7\u00e3o est\u00e1 passando por uma transforma\u00e7\u00e3o profunda e emocionante. A tecnologia tem desempenhado um papel fundamental na maneira como aprendemos e ensinamos. Acesso instant\u00e2neo a informa\u00e7\u00f5es de todo o mundo, plataformas interativas e recursos multim\u00eddia est\u00e3o redefinindo a experi\u00eancia educacional.<\/p><p style=\"text-align: justify;\">No entanto, a educa\u00e7\u00e3o na era digital tamb\u00e9m traz desafios. A necessidade de discernimento entre informa\u00e7\u00f5es confi\u00e1veis e falsas \u00e9 crucial, dado o excesso de dados dispon\u00edveis online. Al\u00e9m disso, quest\u00f5es de privacidade e seguran\u00e7a online precisam ser abordadas para garantir um ambiente de aprendizado protegido.<\/p><p style=\"text-align: justify;\">Em resumo, a educa\u00e7\u00e3o na era digital oferece oportunidades empolgantes para aprender de maneiras inovadoras. No entanto, \u00e9 imperativo encontrar um equil\u00edbrio entre a tecnologia e as abordagens tradicionais, para que possamos cultivar indiv\u00edduos bem-arredondados, preparados para enfrentar os desafios do mundo moderno. Para isso promovemos a educa\u00e7\u00e3o digital dentro do seara corporativo oferecendo o seguinte:<\/p>\t\t\t\t\t\t<\/div>\n\t\t\t\t<\/div>\n\t\t\t\t<\/div>\n\t\t\t\t\t<\/div>\n\t\t\t\t<\/div>\n\t\t<div class=\"elementor-element elementor-element-8e3c3fb e-flex e-con-boxed e-con e-parent\" data-id=\"8e3c3fb\" data-element_type=\"container\" data-settings=\"{&quot;jet_parallax_layout_list&quot;:[]}\">\n\t\t\t\t\t<div class=\"e-con-inner\">\n\t\t\t\t<div class=\"elementor-element elementor-element-6434a7e elementor-widget elementor-widget-heading\" data-id=\"6434a7e\" data-element_type=\"widget\" data-widget_type=\"heading.default\">\n\t\t\t\t<div class=\"elementor-widget-container\">\n\t\t\t<h2 class=\"elementor-heading-title elementor-size-default\">Atua\u00e7\u00e3o<\/h2>\t\t<\/div>\n\t\t\t\t<\/div>\n\t\t\t\t<div class=\"elementor-element elementor-element-34f5ebe elementor-widget elementor-widget-text-editor\" data-id=\"34f5ebe\" data-element_type=\"widget\" data-widget_type=\"text-editor.default\">\n\t\t\t\t<div class=\"elementor-widget-container\">\n\t\t\t\t\t\t\t<ul><li>Introdu\u00e7\u00e3o ao Direito Digital Crimes Digitais<\/li><li>Provas online e offline<\/li><li>Marco Civil da Internet Responsabilidade civil na Internet Seguran\u00e7a da Informa\u00e7\u00e3o Impacto das novas tecnologias<\/li><li>Privacidade e prote\u00e7\u00e3o aos dados pessoais Resolu\u00e7\u00e3o de Incidentes Virtuais<\/li><li>E-commerce e a legisla\u00e7\u00e3o aplic\u00e1vel<\/li><li>Prote\u00e7\u00e3o da propriedade imaterial na era digital Intelig\u00eancia Artificial<\/li><li>Conscientiza\u00e7\u00e3o em Seguran\u00e7a da Informa\u00e7\u00e3o<\/li><\/ul>\t\t\t\t\t\t<\/div>\n\t\t\t\t<\/div>\n\t\t\t\t\t<\/div>\n\t\t\t\t<\/div>\n\t\t<div class=\"elementor-element elementor-element-0f06083 e-flex e-con-boxed e-con e-parent\" data-id=\"0f06083\" data-element_type=\"container\" data-settings=\"{&quot;background_background&quot;:&quot;classic&quot;,&quot;jet_parallax_layout_list&quot;:[]}\">\n\t\t\t\t\t<div class=\"e-con-inner\">\n\t\t\t\t<div class=\"elementor-element elementor-element-ba327c5 elementor-widget elementor-widget-heading\" data-id=\"ba327c5\" data-element_type=\"widget\" data-widget_type=\"heading.default\">\n\t\t\t\t<div class=\"elementor-widget-container\">\n\t\t\t<h3 class=\"elementor-heading-title elementor-size-default\">Entendemos que a resolu\u00e7\u00e3o de um lit\u00edgio e o sucesso no aconselhamento jur\u00eddico dependem do desenvolvimento da estrat\u00e9gia adequada, a qual decorre n\u00e3o s\u00f3 da expertise dos profissionais envolvidos, mas tamb\u00e9m da vasta experi\u00eancia desses \u00faltimos na advocacia especializada.<\/h3>\t\t<\/div>\n\t\t\t\t<\/div>\n\t\t\t\t\t<\/div>\n\t\t\t\t<\/div>\n\t\t<div class=\"elementor-element elementor-element-92a32ff e-flex e-con-boxed e-con e-parent\" data-id=\"92a32ff\" data-element_type=\"container\" data-settings=\"{&quot;background_background&quot;:&quot;classic&quot;,&quot;jet_parallax_layout_list&quot;:[]}\">\n\t\t\t\t\t<div class=\"e-con-inner\">\n\t\t\t\t<div class=\"elementor-element elementor-element-bff31ec elementor-widget elementor-widget-heading\" data-id=\"bff31ec\" data-element_type=\"widget\" data-widget_type=\"heading.default\">\n\t\t\t\t<div class=\"elementor-widget-container\">\n\t\t\t<h2 class=\"elementor-heading-title elementor-size-default\">A educa\u00e7\u00e3o digital desempenha um papel vital dentro das companhias por diversas raz\u00f5es cruciais como:<\/h2>\t\t<\/div>\n\t\t\t\t<\/div>\n\t\t\t\t<div class=\"elementor-element elementor-element-9ec3d47 elementor-widget elementor-widget-text-editor\" data-id=\"9ec3d47\" data-element_type=\"widget\" data-widget_type=\"text-editor.default\">\n\t\t\t\t<div class=\"elementor-widget-container\">\n\t\t\t\t\t\t\t<ul><li>Atualiza\u00e7\u00e3o Constante;<\/li><li>Melhoria da Produtividade;<\/li><li>Flexibilidade e Aprendizado Sob Demanda;<\/li><li>Redu\u00e7\u00e3o de Custos; Acesso a Especialistas;<\/li><li>Desenvolvimento de Habilidades Espec\u00edficas;<\/li><li>Promo\u00e7\u00e3o de uma Cultura de Aprendizado;<\/li><li>Prepara\u00e7\u00e3o para Desafios Futuros e Inova\u00e7\u00e3o e<\/li><li>Criatividade.<\/li><\/ul>\t\t\t\t\t\t<\/div>\n\t\t\t\t<\/div>\n\t\t\t\t\t<\/div>\n\t\t\t\t<\/div>\n\t\t\t\t<\/div>","protected":false},"excerpt":{"rendered":"<p>Home Na era digital em que vivemos, a educa\u00e7\u00e3o est\u00e1 passando por uma transforma\u00e7\u00e3o profunda e emocionante. A tecnologia tem desempenhado um papel fundamental na maneira como aprendemos e ensinamos. Acesso instant\u00e2neo a informa\u00e7\u00f5es de todo o mundo, plataformas interativas e recursos multim\u00eddia est\u00e3o redefinindo a experi\u00eancia educacional. No entanto, a educa\u00e7\u00e3o na era digital [&hellip;]<\/p>","protected":false},"author":1,"featured_media":0,"parent":0,"menu_order":0,"comment_status":"closed","ping_status":"closed","template":"elementor_header_footer","meta":{"footnotes":""},"class_list":["post-992","page","type-page","status-publish","hentry"],"yoast_head":"<!-- This site is optimized with the Yoast SEO plugin v22.6 - https:\/\/yoast.com\/wordpress\/plugins\/seo\/ -->\n<title>Educa\u00e7\u00e3o Digital - Ferr\u00e3o<\/title>\n<meta name=\"robots\" content=\"index, follow, max-snippet:-1, max-image-preview:large, max-video-preview:-1\" \/>\n<link rel=\"canonical\" href=\"https:\/\/pffa.com.br\/en\/educacao-digital\/\" \/>\n<meta property=\"og:locale\" content=\"en_US\" \/>\n<meta property=\"og:type\" content=\"article\" \/>\n<meta property=\"og:title\" content=\"Educa\u00e7\u00e3o Digital - Ferr\u00e3o\" \/>\n<meta property=\"og:description\" content=\"Home Na era digital em que vivemos, a educa\u00e7\u00e3o est\u00e1 passando por uma transforma\u00e7\u00e3o profunda e emocionante. A tecnologia tem desempenhado um papel fundamental na maneira como aprendemos e ensinamos. Acesso instant\u00e2neo a informa\u00e7\u00f5es de todo o mundo, plataformas interativas e recursos multim\u00eddia est\u00e3o redefinindo a experi\u00eancia educacional. No entanto, a educa\u00e7\u00e3o na era digital [&hellip;]\" \/>\n<meta property=\"og:url\" content=\"https:\/\/pffa.com.br\/en\/educacao-digital\/\" \/>\n<meta property=\"og:site_name\" content=\"Ferr\u00e3o\" \/>\n<meta property=\"article:modified_time\" content=\"2024-10-23T22:17:03+00:00\" \/>\n<meta name=\"twitter:card\" content=\"summary_large_image\" \/>\n<meta name=\"twitter:label1\" content=\"Est. reading time\" \/>\n\t<meta name=\"twitter:data1\" content=\"2 minutes\" \/>\n<script type=\"application\/ld+json\" class=\"yoast-schema-graph\">{\"@context\":\"https:\/\/schema.org\",\"@graph\":[{\"@type\":\"WebPage\",\"@id\":\"https:\/\/pffa.com.br\/educacao-digital\/\",\"url\":\"https:\/\/pffa.com.br\/educacao-digital\/\",\"name\":\"Educa\u00e7\u00e3o Digital - Ferr\u00e3o\",\"isPartOf\":{\"@id\":\"https:\/\/pffa.com.br\/#website\"},\"datePublished\":\"2024-10-02T15:01:26+00:00\",\"dateModified\":\"2024-10-23T22:17:03+00:00\",\"breadcrumb\":{\"@id\":\"https:\/\/pffa.com.br\/educacao-digital\/#breadcrumb\"},\"inLanguage\":\"en-US\",\"potentialAction\":[{\"@type\":\"ReadAction\",\"target\":[\"https:\/\/pffa.com.br\/educacao-digital\/\"]}]},{\"@type\":\"BreadcrumbList\",\"@id\":\"https:\/\/pffa.com.br\/educacao-digital\/#breadcrumb\",\"itemListElement\":[{\"@type\":\"ListItem\",\"position\":1,\"name\":\"In\u00edcio\",\"item\":\"https:\/\/pffa.com.br\/\"},{\"@type\":\"ListItem\",\"position\":2,\"name\":\"Educa\u00e7\u00e3o Digital\"}]},{\"@type\":\"WebSite\",\"@id\":\"https:\/\/pffa.com.br\/#website\",\"url\":\"https:\/\/pffa.com.br\/\",\"name\":\"Ferr\u00e3o\",\"description\":\"Ferr\u00e3o &amp; Ferr\u00e3o Advogados Associados\",\"potentialAction\":[{\"@type\":\"SearchAction\",\"target\":{\"@type\":\"EntryPoint\",\"urlTemplate\":\"https:\/\/pffa.com.br\/?s={search_term_string}\"},\"query-input\":\"required name=search_term_string\"}],\"inLanguage\":\"en-US\"}]}<\/script>\n<!-- \/ Yoast SEO plugin. -->","yoast_head_json":{"title":"Educa\u00e7\u00e3o Digital - Ferr\u00e3o","robots":{"index":"index","follow":"follow","max-snippet":"max-snippet:-1","max-image-preview":"max-image-preview:large","max-video-preview":"max-video-preview:-1"},"canonical":"https:\/\/pffa.com.br\/en\/educacao-digital\/","og_locale":"en_US","og_type":"article","og_title":"Educa\u00e7\u00e3o Digital - Ferr\u00e3o","og_description":"Home Na era digital em que vivemos, a educa\u00e7\u00e3o est\u00e1 passando por uma transforma\u00e7\u00e3o profunda e emocionante. A tecnologia tem desempenhado um papel fundamental na maneira como aprendemos e ensinamos. Acesso instant\u00e2neo a informa\u00e7\u00f5es de todo o mundo, plataformas interativas e recursos multim\u00eddia est\u00e3o redefinindo a experi\u00eancia educacional. No entanto, a educa\u00e7\u00e3o na era digital [&hellip;]","og_url":"https:\/\/pffa.com.br\/en\/educacao-digital\/","og_site_name":"Ferr\u00e3o","article_modified_time":"2024-10-23T22:17:03+00:00","twitter_card":"summary_large_image","twitter_misc":{"Est. reading time":"2 minutes"},"schema":{"@context":"https:\/\/schema.org","@graph":[{"@type":"WebPage","@id":"https:\/\/pffa.com.br\/educacao-digital\/","url":"https:\/\/pffa.com.br\/educacao-digital\/","name":"Educa\u00e7\u00e3o Digital - Ferr\u00e3o","isPartOf":{"@id":"https:\/\/pffa.com.br\/#website"},"datePublished":"2024-10-02T15:01:26+00:00","dateModified":"2024-10-23T22:17:03+00:00","breadcrumb":{"@id":"https:\/\/pffa.com.br\/educacao-digital\/#breadcrumb"},"inLanguage":"en-US","potentialAction":[{"@type":"ReadAction","target":["https:\/\/pffa.com.br\/educacao-digital\/"]}]},{"@type":"BreadcrumbList","@id":"https:\/\/pffa.com.br\/educacao-digital\/#breadcrumb","itemListElement":[{"@type":"ListItem","position":1,"name":"In\u00edcio","item":"https:\/\/pffa.com.br\/"},{"@type":"ListItem","position":2,"name":"Educa\u00e7\u00e3o Digital"}]},{"@type":"WebSite","@id":"https:\/\/pffa.com.br\/#website","url":"https:\/\/pffa.com.br\/","name":"Ferr\u00e3o","description":"Ferr\u00e3o &amp; Ferr\u00e3o Advogados Associados","potentialAction":[{"@type":"SearchAction","target":{"@type":"EntryPoint","urlTemplate":"https:\/\/pffa.com.br\/?s={search_term_string}"},"query-input":"required name=search_term_string"}],"inLanguage":"en-US"}]}},"_links":{"self":[{"href":"https:\/\/pffa.com.br\/en\/wp-json\/wp\/v2\/pages\/992","targetHints":{"allow":["GET"]}}],"collection":[{"href":"https:\/\/pffa.com.br\/en\/wp-json\/wp\/v2\/pages"}],"about":[{"href":"https:\/\/pffa.com.br\/en\/wp-json\/wp\/v2\/types\/page"}],"author":[{"embeddable":true,"href":"https:\/\/pffa.com.br\/en\/wp-json\/wp\/v2\/users\/1"}],"replies":[{"embeddable":true,"href":"https:\/\/pffa.com.br\/en\/wp-json\/wp\/v2\/comments?post=992"}],"version-history":[{"count":10,"href":"https:\/\/pffa.com.br\/en\/wp-json\/wp\/v2\/pages\/992\/revisions"}],"predecessor-version":[{"id":1334,"href":"https:\/\/pffa.com.br\/en\/wp-json\/wp\/v2\/pages\/992\/revisions\/1334"}],"wp:attachment":[{"href":"https:\/\/pffa.com.br\/en\/wp-json\/wp\/v2\/media?parent=992"}],"curies":[{"name":"wp","href":"https:\/\/api.w.org\/{rel}","templated":true}]}}